{"id":5509,"date":"2020-11-25T23:19:56","date_gmt":"2020-11-25T23:19:56","guid":{"rendered":"https:\/\/motokary-karting.sk\/?post_type=product&#038;p=5509"},"modified":"2025-06-03T05:40:37","modified_gmt":"2025-06-03T05:40:37","slug":"guma-ochronna-do-cylindra-pompy-hamulcowej","status":"publish","type":"product","link":"https:\/\/motokary-karting.sk\/pl\/produkt\/ochranna-guma-na-brzdovy-valec-pumpu\/","title":{"rendered":"Guma ochronna cylindra hamulcowego (pompy)"},"content":{"rendered":"<p>0501008 \/ 0501009 \/ 0501009-G<\/p>","protected":false},"excerpt":{"rendered":"<p>Dostawa towar\u00f3w na zam\u00f3wienie w ci\u0105gu 7 dni<\/p>","protected":false},"featured_media":5512,"template":"","meta":[],"product_brand":[],"product_cat":[1559,302,1239,271,173,77],"product_tag":[596,824,303,142,81,1562,1561],"class_list":{"0":"post-5509","1":"product","2":"type-product","3":"status-publish","4":"has-post-thumbnail","6":"product_cat-brzdove-pumpy","7":"product_cat-brzdy-prislusenstvo","8":"product_cat-brzdy-prislusenstvo-pozicovna","9":"product_cat-nahradne-diely-na-podvozky","10":"product_cat-podvozky-nahradne-diely","11":"product_cat-rental-karting","12":"product_tag-brake","13":"product_tag-brake-pump","14":"product_tag-brzdova-pumpa","15":"product_tag-karting","16":"product_tag-motokary","17":"product_tag-opravna-sada-na-brzdovu-pumpu","18":"product_tag-opravna-sada-na-brzdovy-valec","20":"first","21":"instock","22":"taxable","23":"shipping-taxable","24":"purchasable","25":"product-type-simple","26":"customify-col","27":"product-has-gallery"},"aioseo_notices":[],"_links":{"self":[{"href":"https:\/\/motokary-karting.sk\/pl\/wp-json\/wp\/v2\/product\/5509","targetHints":{"allow":["GET"]}}],"collection":[{"href":"https:\/\/motokary-karting.sk\/pl\/wp-json\/wp\/v2\/product"}],"about":[{"href":"https:\/\/motokary-karting.sk\/pl\/wp-json\/wp\/v2\/types\/product"}],"wp:featuredmedia":[{"embeddable":true,"href":"https:\/\/motokary-karting.sk\/pl\/wp-json\/wp\/v2\/media\/5512"}],"wp:attachment":[{"href":"https:\/\/motokary-karting.sk\/pl\/wp-json\/wp\/v2\/media?parent=5509"}],"wp:term":[{"taxonomy":"product_brand","embeddable":true,"href":"https:\/\/motokary-karting.sk\/pl\/wp-json\/wp\/v2\/product_brand?post=5509"},{"taxonomy":"product_cat","embeddable":true,"href":"https:\/\/motokary-karting.sk\/pl\/wp-json\/wp\/v2\/product_cat?post=5509"},{"taxonomy":"product_tag","embeddable":true,"href":"https:\/\/motokary-karting.sk\/pl\/wp-json\/wp\/v2\/product_tag?post=5509"}],"curies":[{"name":"wp","href":"https:\/\/api.w.org\/{rel}","templated":true}]}}