{"id":5617,"date":"2020-11-28T19:26:26","date_gmt":"2020-11-28T19:26:26","guid":{"rendered":"https:\/\/motokary-karting.sk\/?post_type=product&#038;p=5617"},"modified":"2024-10-08T08:20:38","modified_gmt":"2024-10-08T08:20:38","slug":"stilo-multi-susic-kask-buty-rekawice","status":"publish","type":"product","link":"https:\/\/motokary-karting.sk\/pl\/produkt\/stilo-multi-susic-prilba-topanky-rukavice\/","title":{"rendered":"Stilo Multi Dryer | kask | buty | r\u0119kawice"},"content":{"rendered":"","protected":false},"excerpt":{"rendered":"<p>Dostawa towar\u00f3w na zam\u00f3wienie w ci\u0105gu 7 dni<\/p>","protected":false},"featured_media":5621,"template":"","meta":[],"product_brand":[],"product_cat":[2767,2722,2764,2768,21,2766,2765,1579,18],"product_tag":[142,1344,81,1588,1590,1589,1591,1592],"class_list":{"0":"post-5617","1":"product","2":"type-product","3":"status-publish","4":"has-post-thumbnail","6":"product_cat-arai-prislusenstvo","7":"product_cat-bell-prislusenstvo","8":"product_cat-ls2-prislusenstvo","9":"product_cat-omp-prislusenstvo","10":"product_cat-prilby","11":"product_cat-sparco-prislusenstvo","12":"product_cat-stilo-prislusenstvo","13":"product_cat-tasky-na-prilby","14":"product_cat-vybava-pretekara","15":"product_tag-karting","16":"product_tag-karting-shop","17":"product_tag-motokary","18":"product_tag-multi-dryer-stilo","19":"product_tag-stilo","20":"product_tag-stilo-multi-dryer","21":"product_tag-stilo-susic-multifunkcny","22":"product_tag-susic-prilby","24":"first","25":"onbackorder","26":"taxable","27":"shipping-taxable","28":"purchasable","29":"product-type-simple","30":"customify-col","31":"product-has-gallery"},"aioseo_notices":[],"_links":{"self":[{"href":"https:\/\/motokary-karting.sk\/pl\/wp-json\/wp\/v2\/product\/5617","targetHints":{"allow":["GET"]}}],"collection":[{"href":"https:\/\/motokary-karting.sk\/pl\/wp-json\/wp\/v2\/product"}],"about":[{"href":"https:\/\/motokary-karting.sk\/pl\/wp-json\/wp\/v2\/types\/product"}],"wp:featuredmedia":[{"embeddable":true,"href":"https:\/\/motokary-karting.sk\/pl\/wp-json\/wp\/v2\/media\/5621"}],"wp:attachment":[{"href":"https:\/\/motokary-karting.sk\/pl\/wp-json\/wp\/v2\/media?parent=5617"}],"wp:term":[{"taxonomy":"product_brand","embeddable":true,"href":"https:\/\/motokary-karting.sk\/pl\/wp-json\/wp\/v2\/product_brand?post=5617"},{"taxonomy":"product_cat","embeddable":true,"href":"https:\/\/motokary-karting.sk\/pl\/wp-json\/wp\/v2\/product_cat?post=5617"},{"taxonomy":"product_tag","embeddable":true,"href":"https:\/\/motokary-karting.sk\/pl\/wp-json\/wp\/v2\/product_tag?post=5617"}],"curies":[{"name":"wp","href":"https:\/\/api.w.org\/{rel}","templated":true}]}}