{"id":5673,"date":"2021-04-12T11:05:08","date_gmt":"2021-04-12T11:05:08","guid":{"rendered":"https:\/\/motokary-karting.sk\/?post_type=product&#038;p=5673"},"modified":"2025-12-13T10:20:32","modified_gmt":"2025-12-13T10:20:32","slug":"alpinestars-siltovka-corp-shift-2","status":"publish","type":"product","link":"https:\/\/motokary-karting.sk\/pl\/produkt\/alpinestars-siltovka-corp-shift-2\/","title":{"rendered":"Czapka Alpinestars Corp Shift 2 Flexfit Cap"},"content":{"rendered":"<p>Czapka, kt\u00f3ra dopasowuje si\u0119 do g\u0142owy. System flexfit zapewnia dok\u0142adne dopasowanie do g\u0142owy w ka\u017cdym punkcie.<\/p>","protected":false},"excerpt":{"rendered":"<p>Czapka, kt\u00f3ra dopasowuje si\u0119 do g\u0142owy. System flexfit zapewnia dok\u0142adne dopasowanie do g\u0142owy w ka\u017cdym punkcie.<\/p>","protected":false},"featured_media":9398,"template":"","meta":[],"product_brand":[],"product_cat":[32,942,158],"product_tag":[79,1593,142,1344,947,2256,81,2258,1594,2257],"class_list":{"0":"post-5673","1":"product","2":"type-product","3":"status-publish","4":"has-post-thumbnail","6":"product_cat-lifestyle-oblecenie-a-produkty-na-volny-cas","7":"product_cat-siltovky-a-ciapky","8":"product_cat-tip-na-darcek","9":"product_tag-alpinestars","10":"product_tag-alpinestars-siltovka","11":"product_tag-karting","12":"product_tag-karting-shop","13":"product_tag-ksiltovka","14":"product_tag-motoisticka-siltovka","15":"product_tag-motokary","16":"product_tag-motorsport-siltovka","17":"product_tag-siltovka-alpinestars","18":"product_tag-siltovka-motorsport","20":"first","21":"instock","22":"sale","23":"taxable","24":"shipping-taxable","25":"purchasable","26":"product-type-variable","27":"customify-col","28":"product-has-gallery"},"aioseo_notices":[],"_links":{"self":[{"href":"https:\/\/motokary-karting.sk\/pl\/wp-json\/wp\/v2\/product\/5673","targetHints":{"allow":["GET"]}}],"collection":[{"href":"https:\/\/motokary-karting.sk\/pl\/wp-json\/wp\/v2\/product"}],"about":[{"href":"https:\/\/motokary-karting.sk\/pl\/wp-json\/wp\/v2\/types\/product"}],"wp:featuredmedia":[{"embeddable":true,"href":"https:\/\/motokary-karting.sk\/pl\/wp-json\/wp\/v2\/media\/9398"}],"wp:attachment":[{"href":"https:\/\/motokary-karting.sk\/pl\/wp-json\/wp\/v2\/media?parent=5673"}],"wp:term":[{"taxonomy":"product_brand","embeddable":true,"href":"https:\/\/motokary-karting.sk\/pl\/wp-json\/wp\/v2\/product_brand?post=5673"},{"taxonomy":"product_cat","embeddable":true,"href":"https:\/\/motokary-karting.sk\/pl\/wp-json\/wp\/v2\/product_cat?post=5673"},{"taxonomy":"product_tag","embeddable":true,"href":"https:\/\/motokary-karting.sk\/pl\/wp-json\/wp\/v2\/product_tag?post=5673"}],"curies":[{"name":"wp","href":"https:\/\/api.w.org\/{rel}","templated":true}]}}