{"id":5816,"date":"2021-01-21T13:52:04","date_gmt":"2021-01-21T13:52:04","guid":{"rendered":"https:\/\/motokary-karting.sk\/?post_type=product&#038;p=5816"},"modified":"2026-04-08T08:18:16","modified_gmt":"2026-04-08T08:18:16","slug":"kask-arai-ck-6-bialy","status":"publish","type":"product","link":"https:\/\/motokary-karting.sk\/pl\/produkt\/arai-prilba-ck-6-biela\/","title":{"rendered":"Kask Arai CK-6 bia\u0142y"},"content":{"rendered":"<p>Szczeg\u00f3lnie lekki kask dzieci\u0119cy i juniorski, homologowany zgodnie z norm\u0105 Snell CMR2016.<br \/>\nZalecany przez CIK \/ FIA dla dzieci i m\u0142odzie\u017cy do 15 roku \u017cycia - zatwierdzony dla kierowc\u00f3w do 18 roku \u017cycia.<\/p>\n<p>\u0141atwe zak\u0142adanie i zdejmowanie dzi\u0119ki zoptymalizowanemu otworowi na kask.<br \/>\nWydajne ch\u0142odzenie dzi\u0119ki 4 otworom wentylacyjnym. Wzmocniony<br \/>\nprzednia kraw\u0119d\u017a kasku dla lepszej ochrony przed uderzeniami. Du\u017ce pole widzenia<br \/>\ndla lepszej widoczno\u015bci we wszystkich kierunkach i orientacji w trasie.<\/p>","protected":false},"excerpt":{"rendered":"<p>Szczeg\u00f3lnie lekki kask dzieci\u0119cy i juniorski, homologowany zgodnie z Snell CMR2016. Zalecany przez CIK \/ FIA dla dzieci i m\u0142odzie\u017cy do 15 lat - zatwierdzony do...<\/p>","protected":false},"featured_media":9642,"template":"","meta":[],"product_brand":[],"product_cat":[1678,21,18],"product_tag":[1681,1686,1685,1687,1684,1683,142,1344,984,81,981,1680,1682,1675,1679],"class_list":{"0":"post-5816","1":"product","2":"type-product","3":"status-publish","4":"has-post-thumbnail","6":"product_cat-arai","7":"product_cat-prilby","8":"product_cat-vybava-pretekara","9":"product_tag-arai","10":"product_tag-arai-ck-6","11":"product_tag-arai-helm-ck-6","12":"product_tag-arai-helmet-ck-6","13":"product_tag-arai-karting-helmt","14":"product_tag-arai-prilba","15":"product_tag-karting","16":"product_tag-karting-shop","17":"product_tag-motokarova-prilba","18":"product_tag-motokary","19":"product_tag-prilba-bell-rs-k","20":"product_tag-prilba-na-motokaru","21":"product_tag-prilby-arai","22":"product_tag-prilby-bell","23":"product_tag-prilby-na-motokary","25":"first","26":"instock","27":"taxable","28":"shipping-taxable","29":"purchasable","30":"product-type-variable","31":"customify-col","32":"product-has-gallery"},"aioseo_notices":[],"_links":{"self":[{"href":"https:\/\/motokary-karting.sk\/pl\/wp-json\/wp\/v2\/product\/5816","targetHints":{"allow":["GET"]}}],"collection":[{"href":"https:\/\/motokary-karting.sk\/pl\/wp-json\/wp\/v2\/product"}],"about":[{"href":"https:\/\/motokary-karting.sk\/pl\/wp-json\/wp\/v2\/types\/product"}],"wp:featuredmedia":[{"embeddable":true,"href":"https:\/\/motokary-karting.sk\/pl\/wp-json\/wp\/v2\/media\/9642"}],"wp:attachment":[{"href":"https:\/\/motokary-karting.sk\/pl\/wp-json\/wp\/v2\/media?parent=5816"}],"wp:term":[{"taxonomy":"product_brand","embeddable":true,"href":"https:\/\/motokary-karting.sk\/pl\/wp-json\/wp\/v2\/product_brand?post=5816"},{"taxonomy":"product_cat","embeddable":true,"href":"https:\/\/motokary-karting.sk\/pl\/wp-json\/wp\/v2\/product_cat?post=5816"},{"taxonomy":"product_tag","embeddable":true,"href":"https:\/\/motokary-karting.sk\/pl\/wp-json\/wp\/v2\/product_tag?post=5816"}],"curies":[{"name":"wp","href":"https:\/\/api.w.org\/{rel}","templated":true}]}}