{"id":585,"date":"2020-10-14T22:00:17","date_gmt":"2020-10-14T22:00:17","guid":{"rendered":"https:\/\/motokary-karting.sk\/?post_type=product&#038;p=585"},"modified":"2026-04-12T09:06:48","modified_gmt":"2026-04-12T09:06:48","slug":"reczna-zmieniarka-opon-szczypce-do-opon-tarcza-na-tarcze","status":"publish","type":"product","link":"https:\/\/motokary-karting.sk\/pl\/produkt\/manualny-vyzuvac-obuvac-pneu-z-disku-na-disk-klieste-na-pneu\/","title":{"rendered":"R\u0119czny \u015bci\u0105gacz do opon \/ \u015bci\u0105gacz do opon z dysku \/ na dysku | szczypce do opon"},"content":{"rendered":"<p>Pomocnik przy zdejmowaniu \/ zak\u0142adaniu opon z tarczy. Pomaga zdj\u0105\u0107 opon\u0119 z tarczy \/ za\u0142o\u017cy\u0107 j\u0105 na tarcz\u0119. Szczypce do \u015bci\u0105gania\/zdejmowania opon.<\/p>\n<p><span style=\"color: #ff0000\"><strong>Gor\u0105co polecamy ten produkt ka\u017cdemu, kto nie lubi zdejmowa\u0107 opon r\u0119cznie \ud83d\ude42<\/strong><\/span><br \/>\nPraktyczna pomoc. Cz\u0119sto sprzedawany model.<\/p>\n<p><strong>Film wideo na temat korzystania z tego produktu mo\u017cna znale\u017a\u0107 TUTAJ:<\/strong> <a href=\"https:\/\/cutt.ly\/Gd4iO5L\" target=\"_blank\" rel=\"noopener noreferrer\">https:\/\/cutt.ly\/Gd4iO5L<\/a><\/p>","protected":false},"excerpt":{"rendered":"<p>Pomocnik przy zdejmowaniu \/ zak\u0142adaniu opon z tarczy. Pomaga zdj\u0105\u0107 opon\u0119 z tarczy \/ za\u0142o\u017cy\u0107 j\u0105 na tarcz\u0119. Szczypce do \u015bci\u0105gania \/ zdejmowania opon. Gor\u0105co polecamy ten produkt...<\/p>","protected":false},"featured_media":32033,"template":"","meta":[],"product_brand":[],"product_cat":[3360,158,58],"product_tag":[142,1344,517,519,81,362,360,109,518,361,359,1275],"class_list":{"0":"post-585","1":"product","2":"type-product","3":"status-publish","4":"has-post-thumbnail","6":"product_cat-ostatne-vybava-do-garaze","7":"product_cat-tip-na-darcek","8":"product_cat-vybava-do-garaze","9":"product_tag-karting","10":"product_tag-karting-shop","11":"product_tag-klieste-na-vyzuvanie-pneu","12":"product_tag-manual-tyre-changer","13":"product_tag-motokary","14":"product_tag-obuvac","15":"product_tag-obuvac-pneu","16":"product_tag-odlucovacpneuzdisku","17":"product_tag-tyre-changer","18":"product_tag-vyzuvac","19":"product_tag-vyzuvac-pneu","20":"product_tag-vyzuvak-pneu","22":"first","23":"instock","24":"taxable","25":"shipping-taxable","26":"purchasable","27":"product-type-simple","28":"customify-col"},"aioseo_notices":[],"_links":{"self":[{"href":"https:\/\/motokary-karting.sk\/pl\/wp-json\/wp\/v2\/product\/585","targetHints":{"allow":["GET"]}}],"collection":[{"href":"https:\/\/motokary-karting.sk\/pl\/wp-json\/wp\/v2\/product"}],"about":[{"href":"https:\/\/motokary-karting.sk\/pl\/wp-json\/wp\/v2\/types\/product"}],"wp:featuredmedia":[{"embeddable":true,"href":"https:\/\/motokary-karting.sk\/pl\/wp-json\/wp\/v2\/media\/32033"}],"wp:attachment":[{"href":"https:\/\/motokary-karting.sk\/pl\/wp-json\/wp\/v2\/media?parent=585"}],"wp:term":[{"taxonomy":"product_brand","embeddable":true,"href":"https:\/\/motokary-karting.sk\/pl\/wp-json\/wp\/v2\/product_brand?post=585"},{"taxonomy":"product_cat","embeddable":true,"href":"https:\/\/motokary-karting.sk\/pl\/wp-json\/wp\/v2\/product_cat?post=585"},{"taxonomy":"product_tag","embeddable":true,"href":"https:\/\/motokary-karting.sk\/pl\/wp-json\/wp\/v2\/product_tag?post=585"}],"curies":[{"name":"wp","href":"https:\/\/api.w.org\/{rel}","templated":true}]}}