{"id":599,"date":"2020-05-31T15:22:00","date_gmt":"2020-05-31T15:22:00","guid":{"rendered":"https:\/\/motokary-karting.sk\/?post_type=product&#038;p=599"},"modified":"2026-03-14T10:59:17","modified_gmt":"2026-03-14T10:59:17","slug":"opona-dunlop-do-position-room-ke-1-przod-10x4-50-5","status":"publish","type":"product","link":"https:\/\/motokary-karting.sk\/pl\/produkt\/dunlop-pneumatika-do-pozicovne-ke-1-predna-10x4-50-5\/","title":{"rendered":"Wypo\u017cyczalnia opon Dunlop KE-1 prz\u00f3d 10\u00d74.50-5 | 2KS SET"},"content":{"rendered":"<p>Wypo\u017cyczalnia opon do gokart\u00f3w elektrycznych - do u\u017cytku wewn\u0105trz i na zewn\u0105trz budynk\u00f3w<\/p>","protected":false},"excerpt":{"rendered":"<p>Wypo\u017cyczalnia opon do gokart\u00f3w elektrycznych - do u\u017cytku wewn\u0105trz i na zewn\u0105trz budynk\u00f3w<\/p>","protected":false},"featured_media":13298,"template":"","meta":[],"product_brand":[],"product_cat":[1159,116,77],"product_tag":[117,81,115],"class_list":{"0":"post-599","1":"product","2":"type-product","3":"status-publish","4":"has-post-thumbnail","6":"product_cat-dunlop-pneumatiky-pozicovna","7":"product_cat-hobby-pneu","8":"product_cat-rental-karting","9":"product_tag-dunlop","10":"product_tag-motokary","11":"product_tag-pneudopozicovnemotokar","13":"first","14":"onbackorder","15":"sale","16":"taxable","17":"shipping-taxable","18":"purchasable","19":"product-type-simple","20":"customify-col"},"aioseo_notices":[],"_links":{"self":[{"href":"https:\/\/motokary-karting.sk\/pl\/wp-json\/wp\/v2\/product\/599","targetHints":{"allow":["GET"]}}],"collection":[{"href":"https:\/\/motokary-karting.sk\/pl\/wp-json\/wp\/v2\/product"}],"about":[{"href":"https:\/\/motokary-karting.sk\/pl\/wp-json\/wp\/v2\/types\/product"}],"wp:featuredmedia":[{"embeddable":true,"href":"https:\/\/motokary-karting.sk\/pl\/wp-json\/wp\/v2\/media\/13298"}],"wp:attachment":[{"href":"https:\/\/motokary-karting.sk\/pl\/wp-json\/wp\/v2\/media?parent=599"}],"wp:term":[{"taxonomy":"product_brand","embeddable":true,"href":"https:\/\/motokary-karting.sk\/pl\/wp-json\/wp\/v2\/product_brand?post=599"},{"taxonomy":"product_cat","embeddable":true,"href":"https:\/\/motokary-karting.sk\/pl\/wp-json\/wp\/v2\/product_cat?post=599"},{"taxonomy":"product_tag","embeddable":true,"href":"https:\/\/motokary-karting.sk\/pl\/wp-json\/wp\/v2\/product_tag?post=599"}],"curies":[{"name":"wp","href":"https:\/\/api.w.org\/{rel}","templated":true}]}}