{"id":601,"date":"2020-05-31T15:24:42","date_gmt":"2020-05-31T15:24:42","guid":{"rendered":"https:\/\/motokary-karting.sk\/?post_type=product&#038;p=601"},"modified":"2025-08-29T14:20:31","modified_gmt":"2025-08-29T14:20:31","slug":"opona-dunlop-do-parkingow-ke-1-tyl-11x7-10-5","status":"publish","type":"product","link":"https:\/\/motokary-karting.sk\/pl\/produkt\/dunlop-pneumatika-do-pozicovne-ke-1-zadna-11x7-10-5\/","title":{"rendered":"Wypo\u017cyczalnia opon Dunlop KE-1 ty\u0142 11\u00d77.10-5 | ZESTAW 2 szt."},"content":{"rendered":"<p>Wypo\u017cyczalnia opon do gokart\u00f3w elektrycznych - do u\u017cytku wewn\u0105trz i na zewn\u0105trz budynk\u00f3w<\/p>","protected":false},"excerpt":{"rendered":"<p>Wypo\u017cyczalnia opon do gokart\u00f3w elektrycznych - do u\u017cytku wewn\u0105trz i na zewn\u0105trz budynk\u00f3w<\/p>","protected":false},"featured_media":13299,"template":"","meta":[],"product_brand":[],"product_cat":[1159,116,77],"product_tag":[117,81,115,1134],"class_list":{"0":"post-601","1":"product","2":"type-product","3":"status-publish","4":"has-post-thumbnail","6":"product_cat-dunlop-pneumatiky-pozicovna","7":"product_cat-hobby-pneu","8":"product_cat-rental-karting","9":"product_tag-dunlop","10":"product_tag-motokary","11":"product_tag-pneudopozicovnemotokar","12":"product_tag-pneumatika-do-pozicovne-motokar","14":"first","15":"onbackorder","16":"taxable","17":"shipping-taxable","18":"purchasable","19":"product-type-simple","20":"customify-col"},"aioseo_notices":[],"_links":{"self":[{"href":"https:\/\/motokary-karting.sk\/pl\/wp-json\/wp\/v2\/product\/601","targetHints":{"allow":["GET"]}}],"collection":[{"href":"https:\/\/motokary-karting.sk\/pl\/wp-json\/wp\/v2\/product"}],"about":[{"href":"https:\/\/motokary-karting.sk\/pl\/wp-json\/wp\/v2\/types\/product"}],"wp:featuredmedia":[{"embeddable":true,"href":"https:\/\/motokary-karting.sk\/pl\/wp-json\/wp\/v2\/media\/13299"}],"wp:attachment":[{"href":"https:\/\/motokary-karting.sk\/pl\/wp-json\/wp\/v2\/media?parent=601"}],"wp:term":[{"taxonomy":"product_brand","embeddable":true,"href":"https:\/\/motokary-karting.sk\/pl\/wp-json\/wp\/v2\/product_brand?post=601"},{"taxonomy":"product_cat","embeddable":true,"href":"https:\/\/motokary-karting.sk\/pl\/wp-json\/wp\/v2\/product_cat?post=601"},{"taxonomy":"product_tag","embeddable":true,"href":"https:\/\/motokary-karting.sk\/pl\/wp-json\/wp\/v2\/product_tag?post=601"}],"curies":[{"name":"wp","href":"https:\/\/api.w.org\/{rel}","templated":true}]}}