{"id":6333,"date":"2020-12-10T22:27:33","date_gmt":"2020-12-10T22:27:33","guid":{"rendered":"https:\/\/motokary-karting.sk\/?post_type=product&#038;p=6333"},"modified":"2024-12-02T15:10:25","modified_gmt":"2024-12-02T15:10:25","slug":"recznik-sparco","status":"publish","type":"product","link":"https:\/\/motokary-karting.sk\/pl\/produkt\/sparco-uterak\/","title":{"rendered":"R\u0119cznik Sparco"},"content":{"rendered":"<p>Materia\u0142:<br \/>\n90% Poliester<br \/>\n10% Nylon<\/p>\n<p>Rozmiar: 100 x 50 cm<\/p>","protected":false},"excerpt":{"rendered":"<p>Dostawa towar\u00f3w na zam\u00f3wienie w ci\u0105gu 7-10 dni<\/p>","protected":false},"featured_media":6334,"template":"","meta":[],"product_brand":[],"product_cat":[32,742],"product_tag":[1728,142,1344,81,1759,1758,26,1755,1760,251,1761],"class_list":{"0":"post-6333","1":"product","2":"type-product","3":"status-publish","4":"has-post-thumbnail","6":"product_cat-lifestyle-oblecenie-a-produkty-na-volny-cas","7":"product_cat-ostatne-lifestyloblecenieadoplnky","8":"product_tag-kart-shop","9":"product_tag-karting","10":"product_tag-karting-shop","11":"product_tag-motokary","12":"product_tag-motoristicky-uterak","13":"product_tag-reklamny-uterak","14":"product_tag-sparco","15":"product_tag-sparco-shop","16":"product_tag-sparco-uterak","17":"product_tag-uterak","18":"product_tag-uterak-sparco","20":"first","21":"onbackorder","22":"taxable","23":"shipping-taxable","24":"purchasable","25":"product-type-simple","26":"customify-col","27":"product-has-gallery"},"aioseo_notices":[],"_links":{"self":[{"href":"https:\/\/motokary-karting.sk\/pl\/wp-json\/wp\/v2\/product\/6333","targetHints":{"allow":["GET"]}}],"collection":[{"href":"https:\/\/motokary-karting.sk\/pl\/wp-json\/wp\/v2\/product"}],"about":[{"href":"https:\/\/motokary-karting.sk\/pl\/wp-json\/wp\/v2\/types\/product"}],"wp:featuredmedia":[{"embeddable":true,"href":"https:\/\/motokary-karting.sk\/pl\/wp-json\/wp\/v2\/media\/6334"}],"wp:attachment":[{"href":"https:\/\/motokary-karting.sk\/pl\/wp-json\/wp\/v2\/media?parent=6333"}],"wp:term":[{"taxonomy":"product_brand","embeddable":true,"href":"https:\/\/motokary-karting.sk\/pl\/wp-json\/wp\/v2\/product_brand?post=6333"},{"taxonomy":"product_cat","embeddable":true,"href":"https:\/\/motokary-karting.sk\/pl\/wp-json\/wp\/v2\/product_cat?post=6333"},{"taxonomy":"product_tag","embeddable":true,"href":"https:\/\/motokary-karting.sk\/pl\/wp-json\/wp\/v2\/product_tag?post=6333"}],"curies":[{"name":"wp","href":"https:\/\/api.w.org\/{rel}","templated":true}]}}