{"id":6546,"date":"2020-12-14T12:42:02","date_gmt":"2020-12-14T12:42:02","guid":{"rendered":"https:\/\/motokary-karting.sk\/?post_type=product&#038;p=6546"},"modified":"2025-09-09T07:28:24","modified_gmt":"2025-09-09T07:28:24","slug":"zestaw-do-piaskowania-arai","status":"publish","type":"product","link":"https:\/\/motokary-karting.sk\/pl\/produkt\/arai-srobovacia-sada\/","title":{"rendered":"Zestaw \u015brubokr\u0119t\u00f3w Arai - r\u00f3\u017cne modele"},"content":{"rendered":"","protected":false},"excerpt":{"rendered":"","protected":false},"featured_media":13968,"template":"","meta":[],"product_brand":[],"product_cat":[2767,21,18],"product_tag":[1681,1687,1697,1684,1683,1695,1696,142,984,81,1771,1772,981,1680,1682,1675,1679],"class_list":{"0":"post-6546","1":"product","2":"type-product","3":"status-publish","4":"has-post-thumbnail","6":"product_cat-arai-prislusenstvo","7":"product_cat-prilby","8":"product_cat-vybava-pretekara","9":"product_tag-arai","10":"product_tag-arai-helmet-ck-6","11":"product_tag-arai-helmet-sk-6","12":"product_tag-arai-karting-helmt","13":"product_tag-arai-prilba","14":"product_tag-arai-sk-6","15":"product_tag-arai-sk6","16":"product_tag-karting","17":"product_tag-motokarova-prilba","18":"product_tag-motokary","19":"product_tag-nahradne-diely-na-prilbu-arai","20":"product_tag-nahradne-sroby-na-arai","21":"product_tag-prilba-bell-rs-k","22":"product_tag-prilba-na-motokaru","23":"product_tag-prilby-arai","24":"product_tag-prilby-bell","25":"product_tag-prilby-na-motokary","27":"first","28":"instock","29":"taxable","30":"shipping-taxable","31":"purchasable","32":"product-type-variable","33":"customify-col","34":"product-has-gallery"},"aioseo_notices":[],"_links":{"self":[{"href":"https:\/\/motokary-karting.sk\/pl\/wp-json\/wp\/v2\/product\/6546","targetHints":{"allow":["GET"]}}],"collection":[{"href":"https:\/\/motokary-karting.sk\/pl\/wp-json\/wp\/v2\/product"}],"about":[{"href":"https:\/\/motokary-karting.sk\/pl\/wp-json\/wp\/v2\/types\/product"}],"wp:featuredmedia":[{"embeddable":true,"href":"https:\/\/motokary-karting.sk\/pl\/wp-json\/wp\/v2\/media\/13968"}],"wp:attachment":[{"href":"https:\/\/motokary-karting.sk\/pl\/wp-json\/wp\/v2\/media?parent=6546"}],"wp:term":[{"taxonomy":"product_brand","embeddable":true,"href":"https:\/\/motokary-karting.sk\/pl\/wp-json\/wp\/v2\/product_brand?post=6546"},{"taxonomy":"product_cat","embeddable":true,"href":"https:\/\/motokary-karting.sk\/pl\/wp-json\/wp\/v2\/product_cat?post=6546"},{"taxonomy":"product_tag","embeddable":true,"href":"https:\/\/motokary-karting.sk\/pl\/wp-json\/wp\/v2\/product_tag?post=6546"}],"curies":[{"name":"wp","href":"https:\/\/api.w.org\/{rel}","templated":true}]}}