{"id":6578,"date":"2020-12-14T13:24:01","date_gmt":"2020-12-14T13:24:01","guid":{"rendered":"https:\/\/motokary-karting.sk\/?post_type=product&#038;p=6578"},"modified":"2022-12-28T22:32:52","modified_gmt":"2022-12-28T22:32:52","slug":"zestaw-spojlerow-do-kasku-arai","status":"publish","type":"product","link":"https:\/\/motokary-karting.sk\/pl\/produkt\/arai-sada-spojlerov-na-prilbu\/","title":{"rendered":"Zestaw spojler\u00f3w do kask\u00f3w Arai"},"content":{"rendered":"<p>Zestaw spoiler\u00f3w PED do wszystkich kask\u00f3w samochodowych i gokartowych Arai. Sk\u0142ada si\u0119 z przedniego spojlera i du\u017cego tylnego spojlera. Wyposa\u017cony w dwustronne paski samoprzylepne u\u0142atwiaj\u0105ce mocowanie do kasku. Przezroczysty, nadaje si\u0119 do malowania.<\/p>\n<p>Zatwierdzony dla GP-6 RC, GP-6 PED, GP-6S, SK-6.<\/p>","protected":false},"excerpt":{"rendered":"<p>Zestaw spoiler\u00f3w PED do wszystkich kask\u00f3w samochodowych i gokartowych Arai. Sk\u0142ada si\u0119 z przedniego spojlera i du\u017cego tylnego spojlera. Wyposa\u017cony w dwustronne paski samoprzylepne u\u0142atwiaj\u0105ce...<\/p>","protected":false},"featured_media":6581,"template":"","meta":[],"product_brand":[],"product_cat":[2767,21,18],"product_tag":[1681,1687,1697,1684,1774,1773,1683,1783,1695,1696,1784,1781,1780,1778,1782,142,984,81,1771,1772,1775,981,1680,1682,1679],"class_list":{"0":"post-6578","1":"product","2":"type-product","3":"status-publish","4":"has-post-thumbnail","6":"product_cat-arai-prislusenstvo","7":"product_cat-prilby","8":"product_cat-vybava-pretekara","9":"product_tag-arai","10":"product_tag-arai-helmet-ck-6","11":"product_tag-arai-helmet-sk-6","12":"product_tag-arai-karting-helmt","13":"product_tag-arai-nahradne-plexi","14":"product_tag-arai-plexi-stit","15":"product_tag-arai-prilba","16":"product_tag-arai-sada-spojlerov-na-prilbu","17":"product_tag-arai-sk-6","18":"product_tag-arai-sk6","19":"product_tag-arai-spojler","20":"product_tag-arai-spojlery-na-prilbu","21":"product_tag-arai-trhacia-folia","22":"product_tag-arai-trhacky","23":"product_tag-dodatocne-spojlery-na-prlbu-arai","24":"product_tag-karting","25":"product_tag-motokarova-prilba","26":"product_tag-motokary","27":"product_tag-nahradne-diely-na-prilbu-arai","28":"product_tag-nahradne-sroby-na-arai","29":"product_tag-plexi-arai","30":"product_tag-prilba-bell-rs-k","31":"product_tag-prilba-na-motokaru","32":"product_tag-prilby-arai","33":"product_tag-prilby-na-motokary","35":"first","36":"onbackorder","37":"taxable","38":"shipping-taxable","39":"purchasable","40":"product-type-simple","41":"customify-col","42":"product-has-gallery"},"aioseo_notices":[],"_links":{"self":[{"href":"https:\/\/motokary-karting.sk\/pl\/wp-json\/wp\/v2\/product\/6578","targetHints":{"allow":["GET"]}}],"collection":[{"href":"https:\/\/motokary-karting.sk\/pl\/wp-json\/wp\/v2\/product"}],"about":[{"href":"https:\/\/motokary-karting.sk\/pl\/wp-json\/wp\/v2\/types\/product"}],"wp:featuredmedia":[{"embeddable":true,"href":"https:\/\/motokary-karting.sk\/pl\/wp-json\/wp\/v2\/media\/6581"}],"wp:attachment":[{"href":"https:\/\/motokary-karting.sk\/pl\/wp-json\/wp\/v2\/media?parent=6578"}],"wp:term":[{"taxonomy":"product_brand","embeddable":true,"href":"https:\/\/motokary-karting.sk\/pl\/wp-json\/wp\/v2\/product_brand?post=6578"},{"taxonomy":"product_cat","embeddable":true,"href":"https:\/\/motokary-karting.sk\/pl\/wp-json\/wp\/v2\/product_cat?post=6578"},{"taxonomy":"product_tag","embeddable":true,"href":"https:\/\/motokary-karting.sk\/pl\/wp-json\/wp\/v2\/product_tag?post=6578"}],"curies":[{"name":"wp","href":"https:\/\/api.w.org\/{rel}","templated":true}]}}