{"id":6718,"date":"2021-08-30T10:58:33","date_gmt":"2021-08-30T10:58:33","guid":{"rendered":"https:\/\/motokary-karting.sk\/?post_type=product&#038;p=6718"},"modified":"2026-04-26T11:29:15","modified_gmt":"2026-04-26T11:29:15","slug":"zamiennik-bell-plexi-do-bell-hp7-rs7-carbon-rs7-pro-rs7-k","status":"publish","type":"product","link":"https:\/\/motokary-karting.sk\/pl\/produkt\/bell-nahradne-plexi-pre-bell-hp7-rs7-carbon-rs7-pro-rs7-k\/","title":{"rendered":"Zamiennik pleksi do Bell: HP7, RS7 Carbon, RS7 Pro, RS7-K"},"content":{"rendered":"<p>Grubo\u015b\u0107: 3 mm<br \/>\nPasuje do kask\u00f3w Bell: HP7, RS7 Carbon, RS7 Pro, RS7-K.<\/p>","protected":false},"excerpt":{"rendered":"<p>Grubo\u015b\u0107: 3 mm Pasuje do kask\u00f3w Bell: HP7, RS7 Carbon, RS7 Pro, RS7-K.<\/p>","protected":false},"featured_media":10681,"template":"","meta":[],"product_brand":[],"product_cat":[2722,21,18],"product_tag":[1821,1676,1818,2724,1728,142,2658,1344,81,2659,1824,1822,1823,1698,2723],"class_list":{"0":"post-6718","1":"product","2":"type-product","3":"status-publish","4":"has-post-thumbnail","6":"product_cat-bell-prislusenstvo","7":"product_cat-prilby","8":"product_cat-vybava-pretekara","9":"product_tag-bell-nahradne-plexi","10":"product_tag-bell-prilby","11":"product_tag-bell-shop","12":"product_tag-bell-shop-sk","13":"product_tag-kart-shop","14":"product_tag-karting","15":"product_tag-karting-pezinok","16":"product_tag-karting-shop","17":"product_tag-motokary","18":"product_tag-motokary-pezinok","19":"product_tag-nahradne-bell-plexi","20":"product_tag-plexi-bell","21":"product_tag-plexi-na-prilbu-bell","22":"product_tag-predajna-motokar","23":"product_tag-predjna-motokar-pezinok","25":"first","26":"instock","27":"taxable","28":"shipping-taxable","29":"purchasable","30":"product-type-variable","31":"customify-col","32":"product-has-gallery"},"aioseo_notices":[],"_links":{"self":[{"href":"https:\/\/motokary-karting.sk\/pl\/wp-json\/wp\/v2\/product\/6718","targetHints":{"allow":["GET"]}}],"collection":[{"href":"https:\/\/motokary-karting.sk\/pl\/wp-json\/wp\/v2\/product"}],"about":[{"href":"https:\/\/motokary-karting.sk\/pl\/wp-json\/wp\/v2\/types\/product"}],"wp:featuredmedia":[{"embeddable":true,"href":"https:\/\/motokary-karting.sk\/pl\/wp-json\/wp\/v2\/media\/10681"}],"wp:attachment":[{"href":"https:\/\/motokary-karting.sk\/pl\/wp-json\/wp\/v2\/media?parent=6718"}],"wp:term":[{"taxonomy":"product_brand","embeddable":true,"href":"https:\/\/motokary-karting.sk\/pl\/wp-json\/wp\/v2\/product_brand?post=6718"},{"taxonomy":"product_cat","embeddable":true,"href":"https:\/\/motokary-karting.sk\/pl\/wp-json\/wp\/v2\/product_cat?post=6718"},{"taxonomy":"product_tag","embeddable":true,"href":"https:\/\/motokary-karting.sk\/pl\/wp-json\/wp\/v2\/product_tag?post=6718"}],"curies":[{"name":"wp","href":"https:\/\/api.w.org\/{rel}","templated":true}]}}