{"id":6732,"date":"2020-12-15T11:49:32","date_gmt":"2020-12-15T11:49:32","guid":{"rendered":"https:\/\/motokary-karting.sk\/?post_type=product&#038;p=6732"},"modified":"2026-02-09T11:44:02","modified_gmt":"2026-02-09T11:44:02","slug":"buty-omp-szt-3","status":"publish","type":"product","link":"https:\/\/motokary-karting.sk\/pl\/produkt\/omp-topanky-ks-3\/","title":{"rendered":"Buty OMP KS-3 - OSTATNIE SZTUKI, WYPRZEDA\u017b"},"content":{"rendered":"<p>Bardzo modne buty gokartowe w podstawowej cenie. P\u0142aski pasek na rzep dla dodatkowego mocowania kostki. Antypo\u015blizgowa i poch\u0142aniaj\u0105ca wstrz\u0105sy podeszwa podci\u0105gni\u0119ta na pi\u0119cie. Dobra przyczepno\u015b\u0107 i nadal bardzo wygodne.<\/p>","protected":false},"excerpt":{"rendered":"<p>Bardzo modne buty gokartowe w podstawowej cenie. P\u0142aski pasek na rzep dla dodatkowego mocowania kostki. Antypo\u015blizgowa i absorbuj\u0105ca wstrz\u0105sy podeszwa...<\/p>","protected":false},"featured_media":6766,"template":"","meta":[],"product_brand":[],"product_cat":[92,28,18],"product_tag":[1728,142,1344,1727,235,940,81,1586,25,1826,1828,1587,1825,1076,87,1585,1827],"class_list":{"0":"post-6732","1":"product","2":"type-product","3":"status-publish","4":"has-post-thumbnail","6":"product_cat-omp-topanky","7":"product_cat-topanky","8":"product_cat-vybava-pretekara","9":"product_tag-kart-shop","10":"product_tag-karting","11":"product_tag-karting-shop","12":"product_tag-kartingove-topanky","13":"product_tag-ks-3","14":"product_tag-motokarove-topanky","15":"product_tag-motokary","16":"product_tag-obuv-na-motokaru","17":"product_tag-omp","18":"product_tag-omp-dealer","19":"product_tag-omp-ks-3","20":"product_tag-omp-motokara","21":"product_tag-omp-shop","22":"product_tag-omp-topanky","23":"product_tag-topanky","24":"product_tag-topanky-na-motokaru","25":"product_tag-topanky-omp","27":"first","28":"instock","29":"sale","30":"taxable","31":"shipping-taxable","32":"purchasable","33":"product-type-variable","34":"customify-col","35":"product-has-gallery"},"aioseo_notices":[],"_links":{"self":[{"href":"https:\/\/motokary-karting.sk\/pl\/wp-json\/wp\/v2\/product\/6732","targetHints":{"allow":["GET"]}}],"collection":[{"href":"https:\/\/motokary-karting.sk\/pl\/wp-json\/wp\/v2\/product"}],"about":[{"href":"https:\/\/motokary-karting.sk\/pl\/wp-json\/wp\/v2\/types\/product"}],"wp:featuredmedia":[{"embeddable":true,"href":"https:\/\/motokary-karting.sk\/pl\/wp-json\/wp\/v2\/media\/6766"}],"wp:attachment":[{"href":"https:\/\/motokary-karting.sk\/pl\/wp-json\/wp\/v2\/media?parent=6732"}],"wp:term":[{"taxonomy":"product_brand","embeddable":true,"href":"https:\/\/motokary-karting.sk\/pl\/wp-json\/wp\/v2\/product_brand?post=6732"},{"taxonomy":"product_cat","embeddable":true,"href":"https:\/\/motokary-karting.sk\/pl\/wp-json\/wp\/v2\/product_cat?post=6732"},{"taxonomy":"product_tag","embeddable":true,"href":"https:\/\/motokary-karting.sk\/pl\/wp-json\/wp\/v2\/product_tag?post=6732"}],"curies":[{"name":"wp","href":"https:\/\/api.w.org\/{rel}","templated":true}]}}