{"id":7380,"date":"2020-11-19T17:26:06","date_gmt":"2020-11-19T17:26:06","guid":{"rendered":"https:\/\/motokary-karting.sk\/?post_type=product&#038;p=7380"},"modified":"2025-05-30T05:15:41","modified_gmt":"2025-05-30T05:15:41","slug":"zestaw-2-aluminiowych-tylnych-tarcz-hamulcowych-210-mm-wzmocnionych","status":"publish","type":"product","link":"https:\/\/motokary-karting.sk\/pl\/produkt\/sada-2ks-disky-hlinikove-zadne-210mm-spevnene\/","title":{"rendered":"ZESTAW 2 aluminiowych k\u00f3\u0142 tylnych 210 mm"},"content":{"rendered":"","protected":false},"excerpt":{"rendered":"<p>Dostawa towar\u00f3w na zam\u00f3wienie w ci\u0105gu 7 dni<\/p>","protected":false},"featured_media":23841,"template":"","meta":[],"product_brand":[],"product_cat":[209,271,1465],"product_tag":[210,1836,211,1467,142,1466,81],"class_list":{"0":"post-7380","1":"product","2":"type-product","3":"status-publish","4":"has-post-thumbnail","6":"product_cat-disky-prislusenstvo","7":"product_cat-nahradne-diely-na-podvozky","8":"product_cat-zadne","9":"product_tag-disk","10":"product_tag-disk-210mm","11":"product_tag-disk-predny","12":"product_tag-hlinikovy-disk-na-motokaru","13":"product_tag-karting","14":"product_tag-motokarovy-disk","15":"product_tag-motokary","17":"first","18":"onbackorder","19":"taxable","20":"shipping-taxable","21":"purchasable","22":"product-type-simple","23":"customify-col"},"aioseo_notices":[],"_links":{"self":[{"href":"https:\/\/motokary-karting.sk\/pl\/wp-json\/wp\/v2\/product\/7380","targetHints":{"allow":["GET"]}}],"collection":[{"href":"https:\/\/motokary-karting.sk\/pl\/wp-json\/wp\/v2\/product"}],"about":[{"href":"https:\/\/motokary-karting.sk\/pl\/wp-json\/wp\/v2\/types\/product"}],"wp:featuredmedia":[{"embeddable":true,"href":"https:\/\/motokary-karting.sk\/pl\/wp-json\/wp\/v2\/media\/23841"}],"wp:attachment":[{"href":"https:\/\/motokary-karting.sk\/pl\/wp-json\/wp\/v2\/media?parent=7380"}],"wp:term":[{"taxonomy":"product_brand","embeddable":true,"href":"https:\/\/motokary-karting.sk\/pl\/wp-json\/wp\/v2\/product_brand?post=7380"},{"taxonomy":"product_cat","embeddable":true,"href":"https:\/\/motokary-karting.sk\/pl\/wp-json\/wp\/v2\/product_cat?post=7380"},{"taxonomy":"product_tag","embeddable":true,"href":"https:\/\/motokary-karting.sk\/pl\/wp-json\/wp\/v2\/product_tag?post=7380"}],"curies":[{"name":"wp","href":"https:\/\/api.w.org\/{rel}","templated":true}]}}