{"id":7383,"date":"2020-11-19T17:48:51","date_gmt":"2020-11-19T17:48:51","guid":{"rendered":"https:\/\/motokary-karting.sk\/?post_type=product&#038;p=7383"},"modified":"2024-10-28T11:40:45","modified_gmt":"2024-10-28T11:40:45","slug":"zestaw-2-sztuk-przednich-felg-aluminiowych-125mm-o-rozstawie-osi-17mm-wzmocnionych","status":"publish","type":"product","link":"https:\/\/motokary-karting.sk\/pl\/produkt\/sada-2ks-disky-predne-hlinikove-125mm-o17mm-lozisko-spevnene\/","title":{"rendered":"ZESTAW 2 szt. przednich tarcz aluminiowych 125 mm \u00d817 mm z \u0142o\u017cyskiem FIXED"},"content":{"rendered":"","protected":false},"excerpt":{"rendered":"<p>Dostawa towar\u00f3w na zam\u00f3wienie w ci\u0105gu 7 dni<\/p>","protected":false},"featured_media":23838,"template":"","meta":[],"product_brand":[],"product_cat":[209,271,1464],"product_tag":[210,211,1467,142,1466,81],"class_list":{"0":"post-7383","1":"product","2":"type-product","3":"status-publish","4":"has-post-thumbnail","6":"product_cat-disky-prislusenstvo","7":"product_cat-nahradne-diely-na-podvozky","8":"product_cat-predne","9":"product_tag-disk","10":"product_tag-disk-predny","11":"product_tag-hlinikovy-disk-na-motokaru","12":"product_tag-karting","13":"product_tag-motokarovy-disk","14":"product_tag-motokary","16":"first","17":"onbackorder","18":"taxable","19":"shipping-taxable","20":"purchasable","21":"product-type-simple","22":"customify-col"},"aioseo_notices":[],"_links":{"self":[{"href":"https:\/\/motokary-karting.sk\/pl\/wp-json\/wp\/v2\/product\/7383","targetHints":{"allow":["GET"]}}],"collection":[{"href":"https:\/\/motokary-karting.sk\/pl\/wp-json\/wp\/v2\/product"}],"about":[{"href":"https:\/\/motokary-karting.sk\/pl\/wp-json\/wp\/v2\/types\/product"}],"wp:featuredmedia":[{"embeddable":true,"href":"https:\/\/motokary-karting.sk\/pl\/wp-json\/wp\/v2\/media\/23838"}],"wp:attachment":[{"href":"https:\/\/motokary-karting.sk\/pl\/wp-json\/wp\/v2\/media?parent=7383"}],"wp:term":[{"taxonomy":"product_brand","embeddable":true,"href":"https:\/\/motokary-karting.sk\/pl\/wp-json\/wp\/v2\/product_brand?post=7383"},{"taxonomy":"product_cat","embeddable":true,"href":"https:\/\/motokary-karting.sk\/pl\/wp-json\/wp\/v2\/product_cat?post=7383"},{"taxonomy":"product_tag","embeddable":true,"href":"https:\/\/motokary-karting.sk\/pl\/wp-json\/wp\/v2\/product_tag?post=7383"}],"curies":[{"name":"wp","href":"https:\/\/api.w.org\/{rel}","templated":true}]}}