{"id":7441,"date":"2020-12-22T15:46:03","date_gmt":"2020-12-22T15:46:03","guid":{"rendered":"https:\/\/motokary-karting.sk\/?post_type=product&#038;p=7441"},"modified":"2023-11-22T13:08:55","modified_gmt":"2023-11-22T13:08:55","slug":"torba-na-kask-bell-i-hans","status":"publish","type":"product","link":"https:\/\/motokary-karting.sk\/pl\/produkt\/bell-taska-na-prilbu-a-hans\/","title":{"rendered":"Torba na kask Bell i HANS"},"content":{"rendered":"<p>Wysokiej jako\u015bci torba na kask Bell ze zintegrowan\u0105 komor\u0105 H.A.N.S.. Szczeg\u00f3lnie praktyczna dzi\u0119ki r\u00f3\u017cnym przegr\u00f3dkom. G\u00f3rn\u0105 komor\u0119 na kask mo\u017cna ca\u0142kowicie oddzieli\u0107 od dolnej komory za pomoc\u0105 zamka b\u0142yskawicznego.<\/p>\n<p>Kolor: czarny<\/p>\n<p>Wymiary (wys. x szer. x g\u0142.): 42 x 40 x 33 cm<\/p>","protected":false},"excerpt":{"rendered":"<p>Wysokiej jako\u015bci torba na kask Bell ze zintegrowan\u0105 komor\u0105 H.A.N.S.. Szczeg\u00f3lnie praktyczna dzi\u0119ki r\u00f3\u017cnym przegr\u00f3dkom. G\u00f3rna komora na kask mo\u017ce by\u0107...<\/p>","protected":false},"featured_media":7442,"template":"","meta":[],"product_brand":[],"product_cat":[32,21,734,1579],"product_tag":[1863,1864,1865,1860,1728,142,81,1862,728,1861],"class_list":{"0":"post-7441","1":"product","2":"type-product","3":"status-publish","4":"has-post-thumbnail","6":"product_cat-lifestyle-oblecenie-a-produkty-na-volny-cas","7":"product_cat-prilby","8":"product_cat-ruksaky-tasky-na-prilby","9":"product_cat-tasky-na-prilby","10":"product_tag-bell-helmet-bag","11":"product_tag-bell-kabela-na-prilbu","12":"product_tag-bell-taska-na-helmu","13":"product_tag-bell-taska-na-prilbu","14":"product_tag-kart-shop","15":"product_tag-karting","16":"product_tag-motokary","17":"product_tag-obal-na-prilbu-bell","18":"product_tag-taska-na-helmu","19":"product_tag-taska-na-prilbu-bell","21":"first","22":"onbackorder","23":"taxable","24":"shipping-taxable","25":"purchasable","26":"product-type-simple","27":"customify-col"},"aioseo_notices":[],"_links":{"self":[{"href":"https:\/\/motokary-karting.sk\/pl\/wp-json\/wp\/v2\/product\/7441","targetHints":{"allow":["GET"]}}],"collection":[{"href":"https:\/\/motokary-karting.sk\/pl\/wp-json\/wp\/v2\/product"}],"about":[{"href":"https:\/\/motokary-karting.sk\/pl\/wp-json\/wp\/v2\/types\/product"}],"wp:featuredmedia":[{"embeddable":true,"href":"https:\/\/motokary-karting.sk\/pl\/wp-json\/wp\/v2\/media\/7442"}],"wp:attachment":[{"href":"https:\/\/motokary-karting.sk\/pl\/wp-json\/wp\/v2\/media?parent=7441"}],"wp:term":[{"taxonomy":"product_brand","embeddable":true,"href":"https:\/\/motokary-karting.sk\/pl\/wp-json\/wp\/v2\/product_brand?post=7441"},{"taxonomy":"product_cat","embeddable":true,"href":"https:\/\/motokary-karting.sk\/pl\/wp-json\/wp\/v2\/product_cat?post=7441"},{"taxonomy":"product_tag","embeddable":true,"href":"https:\/\/motokary-karting.sk\/pl\/wp-json\/wp\/v2\/product_tag?post=7441"}],"curies":[{"name":"wp","href":"https:\/\/api.w.org\/{rel}","templated":true}]}}