{"id":7443,"date":"2020-12-22T14:49:38","date_gmt":"2020-12-22T14:49:38","guid":{"rendered":"https:\/\/motokary-karting.sk\/?post_type=product&#038;p=7443"},"modified":"2026-03-10T13:49:40","modified_gmt":"2026-03-10T13:49:40","slug":"torba-na-kask-bell-xxx","status":"publish","type":"product","link":"https:\/\/motokary-karting.sk\/pl\/produkt\/bell-taska-na-prilbu-xxx\/","title":{"rendered":"Torba na kask Bell"},"content":{"rendered":"<p>Wytrzyma\u0142a torba na kask Bell z mi\u0119kk\u0105 podszewk\u0105. Zintegrowane wstawki z siatki dla optymalnej wentylacji i suszenia kasku. Boczna kiesze\u0144 zapinana na zamek.<\/p>\n<p>Kolor: czarny<\/p>\n<p>Wymiary (wys. x szer. x g\u0142.): 38 x 29 x 27 cm<\/p>","protected":false},"excerpt":{"rendered":"<p>Wytrzyma\u0142a torba na kask Bell z mi\u0119kk\u0105 podszewk\u0105. Zintegrowane wstawki z siatki dla optymalnej wentylacji i suszenia kasku. Boczna kiesze\u0144 zapinana na zamek. Kolor: czarny Wymiary (wys. x szer. x g\u0142.):...<\/p>","protected":false},"featured_media":7445,"template":"","meta":[],"product_brand":[],"product_cat":[32,21,734,1579,158],"product_tag":[1863,1864,1865,1860,1728,142,81,1862,728,1861],"class_list":{"0":"post-7443","1":"product","2":"type-product","3":"status-publish","4":"has-post-thumbnail","6":"product_cat-lifestyle-oblecenie-a-produkty-na-volny-cas","7":"product_cat-prilby","8":"product_cat-ruksaky-tasky-na-prilby","9":"product_cat-tasky-na-prilby","10":"product_cat-tip-na-darcek","11":"product_tag-bell-helmet-bag","12":"product_tag-bell-kabela-na-prilbu","13":"product_tag-bell-taska-na-helmu","14":"product_tag-bell-taska-na-prilbu","15":"product_tag-kart-shop","16":"product_tag-karting","17":"product_tag-motokary","18":"product_tag-obal-na-prilbu-bell","19":"product_tag-taska-na-helmu","20":"product_tag-taska-na-prilbu-bell","22":"first","23":"instock","24":"taxable","25":"shipping-taxable","26":"purchasable","27":"product-type-simple","28":"customify-col"},"aioseo_notices":[],"_links":{"self":[{"href":"https:\/\/motokary-karting.sk\/pl\/wp-json\/wp\/v2\/product\/7443","targetHints":{"allow":["GET"]}}],"collection":[{"href":"https:\/\/motokary-karting.sk\/pl\/wp-json\/wp\/v2\/product"}],"about":[{"href":"https:\/\/motokary-karting.sk\/pl\/wp-json\/wp\/v2\/types\/product"}],"wp:featuredmedia":[{"embeddable":true,"href":"https:\/\/motokary-karting.sk\/pl\/wp-json\/wp\/v2\/media\/7445"}],"wp:attachment":[{"href":"https:\/\/motokary-karting.sk\/pl\/wp-json\/wp\/v2\/media?parent=7443"}],"wp:term":[{"taxonomy":"product_brand","embeddable":true,"href":"https:\/\/motokary-karting.sk\/pl\/wp-json\/wp\/v2\/product_brand?post=7443"},{"taxonomy":"product_cat","embeddable":true,"href":"https:\/\/motokary-karting.sk\/pl\/wp-json\/wp\/v2\/product_cat?post=7443"},{"taxonomy":"product_tag","embeddable":true,"href":"https:\/\/motokary-karting.sk\/pl\/wp-json\/wp\/v2\/product_tag?post=7443"}],"curies":[{"name":"wp","href":"https:\/\/api.w.org\/{rel}","templated":true}]}}