{"id":7480,"date":"2020-12-22T17:28:33","date_gmt":"2020-12-22T17:28:33","guid":{"rendered":"https:\/\/motokary-karting.sk\/?post_type=product&#038;p=7480"},"modified":"2023-08-14T18:29:30","modified_gmt":"2023-08-14T18:29:30","slug":"torba-podrozna-alpinestars-goanna","status":"publish","type":"product","link":"https:\/\/motokary-karting.sk\/pl\/produkt\/alpinestars-cestovna-taska-goanna\/","title":{"rendered":"Torba podr\u00f3\u017cna Alpinestars Goanna"},"content":{"rendered":"<p>Praktyczna torba sportowa GOANNA firmy Alpinestars z du\u017c\u0105 komor\u0105 g\u0142\u00f3wn\u0105, boczn\u0105 przegrod\u0105 zapinan\u0105 na zamek b\u0142yskawiczny i dodatkow\u0105 wewn\u0119trzn\u0105 przegrod\u0105 z siatki z zamkiem b\u0142yskawicznym na klapie pokrywy na np. klucze lub dokumenty. Stabilne wodoodporne dno chroni torb\u0119 przed brudem i wilgoci\u0105 od spodu. W zestawie paski do noszenia i dodatkowe uchwyty do elastycznego przenoszenia.<\/p>\n<p>Wymiary: ok. 82 x 39 x 45 cm<br \/>\nPojemno\u015b\u0107: oko\u0142o 125 litr\u00f3w<\/p>\n<p>Kolor: czarny \/ antracyt<\/p>","protected":false},"excerpt":{"rendered":"<p>Dostawa towar\u00f3w na zam\u00f3wienie w ci\u0105gu 7-10 dni<\/p>","protected":false},"featured_media":7481,"template":"","meta":[],"product_brand":[],"product_cat":[2917,32],"product_tag":[1873,1866,1874,1728,142,1344,81],"class_list":{"0":"post-7480","1":"product","2":"type-product","3":"status-publish","4":"has-post-thumbnail","6":"product_cat-batozina","7":"product_cat-lifestyle-oblecenie-a-produkty-na-volny-cas","8":"product_tag-alpinestars-cestovna-taska","9":"product_tag-cestovna-taska","10":"product_tag-cestovna-taska-alpinestars","11":"product_tag-kart-shop","12":"product_tag-karting","13":"product_tag-karting-shop","14":"product_tag-motokary","16":"first","17":"onbackorder","18":"taxable","19":"shipping-taxable","20":"purchasable","21":"product-type-simple","22":"customify-col"},"aioseo_notices":[],"_links":{"self":[{"href":"https:\/\/motokary-karting.sk\/pl\/wp-json\/wp\/v2\/product\/7480","targetHints":{"allow":["GET"]}}],"collection":[{"href":"https:\/\/motokary-karting.sk\/pl\/wp-json\/wp\/v2\/product"}],"about":[{"href":"https:\/\/motokary-karting.sk\/pl\/wp-json\/wp\/v2\/types\/product"}],"wp:featuredmedia":[{"embeddable":true,"href":"https:\/\/motokary-karting.sk\/pl\/wp-json\/wp\/v2\/media\/7481"}],"wp:attachment":[{"href":"https:\/\/motokary-karting.sk\/pl\/wp-json\/wp\/v2\/media?parent=7480"}],"wp:term":[{"taxonomy":"product_brand","embeddable":true,"href":"https:\/\/motokary-karting.sk\/pl\/wp-json\/wp\/v2\/product_brand?post=7480"},{"taxonomy":"product_cat","embeddable":true,"href":"https:\/\/motokary-karting.sk\/pl\/wp-json\/wp\/v2\/product_cat?post=7480"},{"taxonomy":"product_tag","embeddable":true,"href":"https:\/\/motokary-karting.sk\/pl\/wp-json\/wp\/v2\/product_tag?post=7480"}],"curies":[{"name":"wp","href":"https:\/\/api.w.org\/{rel}","templated":true}]}}