{"id":7726,"date":"2020-12-30T13:29:45","date_gmt":"2020-12-30T13:29:45","guid":{"rendered":"https:\/\/motokary-karting.sk\/?post_type=product&#038;p=7726"},"modified":"2024-02-13T13:12:48","modified_gmt":"2024-02-13T13:12:48","slug":"pasek-napedowy-do-gokartow","status":"publish","type":"product","link":"https:\/\/motokary-karting.sk\/pl\/produkt\/remen-pre-motokary-do-pozicovne-drive-belt\/","title":{"rendered":"Pasek do wypo\u017cyczonych gokart\u00f3w (ko\u0142o paska nap\u0119dowego)"},"content":{"rendered":"<p>Uwaga: nale\u017cy wybra\u0107 odpowiedni\u0105 wersj\u0119 ko\u0142a pasowego. Profil STD lub profil HTD.<\/p>","protected":false},"excerpt":{"rendered":"<p>Uwaga: nale\u017cy wybra\u0107 odpowiedni\u0105 wersj\u0119 ko\u0142a pasowego. Profil STD lub profil HTD.<\/p>","protected":false},"featured_media":7727,"template":"","meta":[],"product_brand":[],"product_cat":[173,1240,77],"product_tag":[1890,1892,1891,1728,1344,81,1336,290,702,1888,1889],"class_list":{"0":"post-7726","1":"product","2":"type-product","3":"status-publish","4":"has-post-thumbnail","6":"product_cat-podvozky-nahradne-diely","7":"product_cat-remene-retaze-rozety-pozicovna","8":"product_cat-rental-karting","9":"product_tag-drive-belt","10":"product_tag-drive-belt-na-motokaru","11":"product_tag-drive-belt-wheel","12":"product_tag-kart-shop","13":"product_tag-karting-shop","14":"product_tag-motokary","15":"product_tag-nahradne-diely-na-motokary","16":"product_tag-pozicovna-motokar","17":"product_tag-remen","18":"product_tag-remen-na-motokaru","19":"product_tag-remen-na-motokary-do-pozicovne","21":"first","22":"onbackorder","23":"taxable","24":"shipping-taxable","25":"purchasable","26":"product-type-variable","27":"customify-col"},"aioseo_notices":[],"_links":{"self":[{"href":"https:\/\/motokary-karting.sk\/pl\/wp-json\/wp\/v2\/product\/7726","targetHints":{"allow":["GET"]}}],"collection":[{"href":"https:\/\/motokary-karting.sk\/pl\/wp-json\/wp\/v2\/product"}],"about":[{"href":"https:\/\/motokary-karting.sk\/pl\/wp-json\/wp\/v2\/types\/product"}],"wp:featuredmedia":[{"embeddable":true,"href":"https:\/\/motokary-karting.sk\/pl\/wp-json\/wp\/v2\/media\/7727"}],"wp:attachment":[{"href":"https:\/\/motokary-karting.sk\/pl\/wp-json\/wp\/v2\/media?parent=7726"}],"wp:term":[{"taxonomy":"product_brand","embeddable":true,"href":"https:\/\/motokary-karting.sk\/pl\/wp-json\/wp\/v2\/product_brand?post=7726"},{"taxonomy":"product_cat","embeddable":true,"href":"https:\/\/motokary-karting.sk\/pl\/wp-json\/wp\/v2\/product_cat?post=7726"},{"taxonomy":"product_tag","embeddable":true,"href":"https:\/\/motokary-karting.sk\/pl\/wp-json\/wp\/v2\/product_tag?post=7726"}],"curies":[{"name":"wp","href":"https:\/\/api.w.org\/{rel}","templated":true}]}}