{"id":7780,"date":"2020-12-31T14:16:41","date_gmt":"2020-12-31T14:16:41","guid":{"rendered":"https:\/\/motokary-karting.sk\/?post_type=product&#038;p=7780"},"modified":"2022-01-07T21:27:37","modified_gmt":"2022-01-07T21:27:37","slug":"wglebienie-na-kolo-zebate-kola-pasowego-7mm","status":"publish","type":"product","link":"https:\/\/motokary-karting.sk\/pl\/produkt\/dutina-na-ozub-kolo-remenica-drazka-7mm\/","title":{"rendered":"Wn\u0119ka przek\u0142adni - ko\u0142o pasowe | rowek 7 mm"},"content":{"rendered":"","protected":false},"excerpt":{"rendered":"","protected":false},"featured_media":7787,"template":"","meta":[],"product_brand":[],"product_cat":[173,1240,77],"product_tag":[1890,1892,1891,1728,1344,81,1336,343,1896,1894,1895,290,1898,1897,702,1893,1888,1889],"class_list":{"0":"post-7780","1":"product","2":"type-product","3":"status-publish","4":"has-post-thumbnail","6":"product_cat-podvozky-nahradne-diely","7":"product_cat-remene-retaze-rozety-pozicovna","8":"product_cat-rental-karting","9":"product_tag-drive-belt","10":"product_tag-drive-belt-na-motokaru","11":"product_tag-drive-belt-wheel","12":"product_tag-kart-shop","13":"product_tag-karting-shop","14":"product_tag-motokary","15":"product_tag-nahradne-diely-na-motokary","16":"product_tag-ozubene-kolecko","17":"product_tag-ozubene-kolecko-na-remenicu-na-motokaru","18":"product_tag-ozubene-kolo","19":"product_tag-ozubene-kolo-na-remenicu","20":"product_tag-pozicovna-motokar","21":"product_tag-predne-ozubene-kolecko-na-remen","22":"product_tag-predne-ozubene-kolo-na-remenicu","23":"product_tag-remen","24":"product_tag-remen-remenica-rpp-htd","25":"product_tag-remen-na-motokaru","26":"product_tag-remen-na-motokary-do-pozicovne","28":"first","29":"onbackorder","30":"taxable","31":"shipping-taxable","32":"purchasable","33":"product-type-variable","34":"customify-col","35":"product-has-gallery"},"aioseo_notices":[],"_links":{"self":[{"href":"https:\/\/motokary-karting.sk\/pl\/wp-json\/wp\/v2\/product\/7780","targetHints":{"allow":["GET"]}}],"collection":[{"href":"https:\/\/motokary-karting.sk\/pl\/wp-json\/wp\/v2\/product"}],"about":[{"href":"https:\/\/motokary-karting.sk\/pl\/wp-json\/wp\/v2\/types\/product"}],"wp:featuredmedia":[{"embeddable":true,"href":"https:\/\/motokary-karting.sk\/pl\/wp-json\/wp\/v2\/media\/7787"}],"wp:attachment":[{"href":"https:\/\/motokary-karting.sk\/pl\/wp-json\/wp\/v2\/media?parent=7780"}],"wp:term":[{"taxonomy":"product_brand","embeddable":true,"href":"https:\/\/motokary-karting.sk\/pl\/wp-json\/wp\/v2\/product_brand?post=7780"},{"taxonomy":"product_cat","embeddable":true,"href":"https:\/\/motokary-karting.sk\/pl\/wp-json\/wp\/v2\/product_cat?post=7780"},{"taxonomy":"product_tag","embeddable":true,"href":"https:\/\/motokary-karting.sk\/pl\/wp-json\/wp\/v2\/product_tag?post=7780"}],"curies":[{"name":"wp","href":"https:\/\/api.w.org\/{rel}","templated":true}]}}