{"id":7843,"date":"2021-01-04T23:29:46","date_gmt":"2021-01-04T23:29:46","guid":{"rendered":"https:\/\/motokary-karting.sk\/?post_type=product&#038;p=7843"},"modified":"2026-01-19T13:42:48","modified_gmt":"2026-01-19T13:42:48","slug":"silnik-rotax-micro-max-evo","status":"publish","type":"product","link":"https:\/\/motokary-karting.sk\/pl\/produkt\/motor-rotax-micro-max-evo\/","title":{"rendered":"Silnik Rotax Micro MAX EVO"},"content":{"rendered":"<p>Kompletny silnik klasy krajowej Waga 21,6 kg (11,8 kg bez silnika)<\/p>\n<p>Butla Junior bez zaworu spustowego, ch\u0142odnicy i specjalnego t\u0142umika do minicart\u00f3w<\/p>\n<p>Zestaw zawiera: t\u0142umik, ga\u017anik, pomp\u0119 paliwa, silnik, uk\u0142ad wydechowy, ch\u0142odnic\u0119, skrzynk\u0119 akumulatora, okablowanie, przycisk zap\u0142onu, w\u0142\u0105cznik\/wy\u0142\u0105cznik.<\/p>\n<p>Dla ram o rozstawie od 780 mm do 1050 mm<\/p>","protected":false},"excerpt":{"rendered":"<p>Kompletny silnik klasy krajowej Waga 21,6 kg (11,8 kg bez silnika) Cylinder Junior bez zaworu spustowego, ch\u0142odnicy i specjalnego t\u0142umika do mini w\u00f3zka...<\/p>","protected":false},"featured_media":7844,"template":"","meta":[],"product_brand":[],"product_cat":[17,1911],"product_tag":[68,142,1344,1912,1917,81,1916,1913,1915,1918,1914],"class_list":{"0":"post-7843","1":"product","2":"type-product","3":"status-publish","4":"has-post-thumbnail","6":"product_cat-motory","7":"product_cat-rotax","8":"product_tag-engines","9":"product_tag-karting","10":"product_tag-karting-shop","11":"product_tag-motokarovy-motor","12":"product_tag-motokarovy-motor-rotax-micro-max","13":"product_tag-motokary","14":"product_tag-motor-micro-max-rotax","15":"product_tag-motor-na-motokaru","16":"product_tag-motor-rotax","17":"product_tag-predaj-motorov-rotax","18":"product_tag-rotax-micro-max","20":"first","21":"onbackorder","22":"taxable","23":"shipping-taxable","24":"purchasable","25":"product-type-simple","26":"customify-col"},"aioseo_notices":[],"_links":{"self":[{"href":"https:\/\/motokary-karting.sk\/pl\/wp-json\/wp\/v2\/product\/7843","targetHints":{"allow":["GET"]}}],"collection":[{"href":"https:\/\/motokary-karting.sk\/pl\/wp-json\/wp\/v2\/product"}],"about":[{"href":"https:\/\/motokary-karting.sk\/pl\/wp-json\/wp\/v2\/types\/product"}],"wp:featuredmedia":[{"embeddable":true,"href":"https:\/\/motokary-karting.sk\/pl\/wp-json\/wp\/v2\/media\/7844"}],"wp:attachment":[{"href":"https:\/\/motokary-karting.sk\/pl\/wp-json\/wp\/v2\/media?parent=7843"}],"wp:term":[{"taxonomy":"product_brand","embeddable":true,"href":"https:\/\/motokary-karting.sk\/pl\/wp-json\/wp\/v2\/product_brand?post=7843"},{"taxonomy":"product_cat","embeddable":true,"href":"https:\/\/motokary-karting.sk\/pl\/wp-json\/wp\/v2\/product_cat?post=7843"},{"taxonomy":"product_tag","embeddable":true,"href":"https:\/\/motokary-karting.sk\/pl\/wp-json\/wp\/v2\/product_tag?post=7843"}],"curies":[{"name":"wp","href":"https:\/\/api.w.org\/{rel}","templated":true}]}}