{"id":7845,"date":"2021-01-04T23:35:51","date_gmt":"2021-01-04T23:35:51","guid":{"rendered":"https:\/\/motokary-karting.sk\/?post_type=product&#038;p=7845"},"modified":"2026-01-19T13:42:48","modified_gmt":"2026-01-19T13:42:48","slug":"silnik-rotax-mini-max-evo","status":"publish","type":"product","link":"https:\/\/motokary-karting.sk\/pl\/produkt\/motor-rotax-mini-max-evo\/","title":{"rendered":"Silnik Rotax Mini MAX EVO"},"content":{"rendered":"<p>Kompletny silnik klasy krajowej Waga 23,6 kg (11,8 kg bez silnika)<\/p>\n<p>Cylinder Junior bez zaworu spustowego, ogranicznik wewn\u0105trz kolumny zaworu kontaktronowego i do kolektora wydechowego<\/p>\n<p>Zestaw: t\u0142umik, ga\u017anik, pompa paliwa, silnik, uk\u0142ad wydechowy, ch\u0142odnica, akumulator, okablowanie, w\u0142\u0105cznik\/wy\u0142\u0105cznik.<\/p>\n<p>Dla ram o rozstawie od 900 mm do 1050 mm<\/p>","protected":false},"excerpt":{"rendered":"<p>Kompletny silnik klasy krajowej Waga 23,6 kg (bez 11,8 kg) Cylinder Junior bez zaworu spustowego, ogranicznik wewn\u0105trz kolonii zaworu kontaktronowego i do kolektora wydechowego....<\/p>","protected":false},"featured_media":7846,"template":"","meta":[],"product_brand":[],"product_cat":[17,1911],"product_tag":[68,142,1344,1912,1917,81,1916,1913,1915,1920,1918,1914,1919],"class_list":{"0":"post-7845","1":"product","2":"type-product","3":"status-publish","4":"has-post-thumbnail","6":"product_cat-motory","7":"product_cat-rotax","8":"product_tag-engines","9":"product_tag-karting","10":"product_tag-karting-shop","11":"product_tag-motokarovy-motor","12":"product_tag-motokarovy-motor-rotax-micro-max","13":"product_tag-motokary","14":"product_tag-motor-micro-max-rotax","15":"product_tag-motor-na-motokaru","16":"product_tag-motor-rotax","17":"product_tag-motor-rotax-mini-max","18":"product_tag-predaj-motorov-rotax","19":"product_tag-rotax-micro-max","20":"product_tag-rotax-mini-max","22":"first","23":"onbackorder","24":"taxable","25":"shipping-taxable","26":"purchasable","27":"product-type-simple","28":"customify-col"},"aioseo_notices":[],"_links":{"self":[{"href":"https:\/\/motokary-karting.sk\/pl\/wp-json\/wp\/v2\/product\/7845","targetHints":{"allow":["GET"]}}],"collection":[{"href":"https:\/\/motokary-karting.sk\/pl\/wp-json\/wp\/v2\/product"}],"about":[{"href":"https:\/\/motokary-karting.sk\/pl\/wp-json\/wp\/v2\/types\/product"}],"wp:featuredmedia":[{"embeddable":true,"href":"https:\/\/motokary-karting.sk\/pl\/wp-json\/wp\/v2\/media\/7846"}],"wp:attachment":[{"href":"https:\/\/motokary-karting.sk\/pl\/wp-json\/wp\/v2\/media?parent=7845"}],"wp:term":[{"taxonomy":"product_brand","embeddable":true,"href":"https:\/\/motokary-karting.sk\/pl\/wp-json\/wp\/v2\/product_brand?post=7845"},{"taxonomy":"product_cat","embeddable":true,"href":"https:\/\/motokary-karting.sk\/pl\/wp-json\/wp\/v2\/product_cat?post=7845"},{"taxonomy":"product_tag","embeddable":true,"href":"https:\/\/motokary-karting.sk\/pl\/wp-json\/wp\/v2\/product_tag?post=7845"}],"curies":[{"name":"wp","href":"https:\/\/api.w.org\/{rel}","templated":true}]}}