{"id":7849,"date":"2021-01-04T23:45:31","date_gmt":"2021-01-04T23:45:31","guid":{"rendered":"https:\/\/motokary-karting.sk\/?post_type=product&#038;p=7849"},"modified":"2026-01-19T13:42:48","modified_gmt":"2026-01-19T13:42:48","slug":"silnik-rotax-max-evo","status":"publish","type":"product","link":"https:\/\/motokary-karting.sk\/pl\/produkt\/motor-rotax-max-evo\/","title":{"rendered":"Silnik Rotax MAX EVO"},"content":{"rendered":"<p>Wiek od 15 lat<\/p>\n<p>Klasa krajowa i mi\u0119dzynarodowa<\/p>\n<p>kompletny silnik Masa 23,6 kg (11,8 kg bez silnika)<\/p>\n<p>Starszy cylinder z zaworem wydechowym<\/p>\n<p>Zestaw: t\u0142umik, ga\u017anik, pompa paliwa, silnik, uk\u0142ad wydechowy, ch\u0142odnica, skrzynka akumulatora, okablowanie, przycisk, prze\u0142\u0105cznik<\/p>\n<p>Dla ram o rozstawie do 1050 mm<\/p>","protected":false},"excerpt":{"rendered":"<p>Wiek od 15 lat kompletny silnik klasy krajowej i mi\u0119dzynarodowej Waga 23,6 kg (11,8 kg bez silnika) Starszy cylinder z zaworem wydechowym Pakiet: t\u0142umik, ga\u017anik,...<\/p>","protected":false},"featured_media":7850,"template":"","meta":[],"product_brand":[],"product_cat":[17,1911],"product_tag":[68,142,1344,1912,81,1916,1913,1915,1924,1925,1918,1923],"class_list":{"0":"post-7849","1":"product","2":"type-product","3":"status-publish","4":"has-post-thumbnail","6":"product_cat-motory","7":"product_cat-rotax","8":"product_tag-engines","9":"product_tag-karting","10":"product_tag-karting-shop","11":"product_tag-motokarovy-motor","12":"product_tag-motokary","13":"product_tag-motor-micro-max-rotax","14":"product_tag-motor-na-motokaru","15":"product_tag-motor-rotax","16":"product_tag-motor-rotax-max-senior","17":"product_tag-motor-rotax-senior-max","18":"product_tag-predaj-motorov-rotax","19":"product_tag-rotax-max-senior","21":"first","22":"onbackorder","23":"taxable","24":"shipping-taxable","25":"purchasable","26":"product-type-simple","27":"customify-col"},"aioseo_notices":[],"_links":{"self":[{"href":"https:\/\/motokary-karting.sk\/pl\/wp-json\/wp\/v2\/product\/7849","targetHints":{"allow":["GET"]}}],"collection":[{"href":"https:\/\/motokary-karting.sk\/pl\/wp-json\/wp\/v2\/product"}],"about":[{"href":"https:\/\/motokary-karting.sk\/pl\/wp-json\/wp\/v2\/types\/product"}],"wp:featuredmedia":[{"embeddable":true,"href":"https:\/\/motokary-karting.sk\/pl\/wp-json\/wp\/v2\/media\/7850"}],"wp:attachment":[{"href":"https:\/\/motokary-karting.sk\/pl\/wp-json\/wp\/v2\/media?parent=7849"}],"wp:term":[{"taxonomy":"product_brand","embeddable":true,"href":"https:\/\/motokary-karting.sk\/pl\/wp-json\/wp\/v2\/product_brand?post=7849"},{"taxonomy":"product_cat","embeddable":true,"href":"https:\/\/motokary-karting.sk\/pl\/wp-json\/wp\/v2\/product_cat?post=7849"},{"taxonomy":"product_tag","embeddable":true,"href":"https:\/\/motokary-karting.sk\/pl\/wp-json\/wp\/v2\/product_tag?post=7849"}],"curies":[{"name":"wp","href":"https:\/\/api.w.org\/{rel}","templated":true}]}}