{"id":7851,"date":"2021-01-04T23:49:27","date_gmt":"2021-01-04T23:49:27","guid":{"rendered":"https:\/\/motokary-karting.sk\/?post_type=product&#038;p=7851"},"modified":"2026-01-19T13:42:48","modified_gmt":"2026-01-19T13:42:48","slug":"silnik-rotax-dd2-evo","status":"publish","type":"product","link":"https:\/\/motokary-karting.sk\/pl\/produkt\/motor-rotax-dd2-evo\/","title":{"rendered":"Silnik Rotax DD2 EVO"},"content":{"rendered":"<p>Wiek od 15 lat<\/p>\n<p>Klasa krajowa i mi\u0119dzynarodowa<\/p>\n<p>kompletny silnik waga 29,2 kg (16,8 kg bez silnika)<\/p>\n<p>Cechy szczeg\u00f3lne: bez\u0142a\u0144cuchowy uk\u0142ad przeniesienia nap\u0119du, 2-biegowa przek\u0142adnia<\/p>\n<p>cylinder z zaworem wydechowym<\/p>\n<p>Zestaw: t\u0142umik, ga\u017anik, pompa paliwa, silnik, uk\u0142ad wydechowy, ch\u0142odnica, skrzynka przy\u0142\u0105czeniowa, w\u0142\u0105cznik\/wy\u0142\u0105cznik.<\/p>\n<p>na ramie typu DD2 (nie montowane na klasycznych KF, KZ i podwoziach ok, ale wymagaj\u0105 specjalnie wykonanych ram dla kategorii DD Rotax 2)<\/p>","protected":false},"excerpt":{"rendered":"<p>Wiek: od 15 lat Kompletny silnik klasy krajowej i mi\u0119dzynarodowej Waga: 29,2 kg (bez silnika 16,8 kg) Cechy szczeg\u00f3lne: bez\u0142a\u0144cuchowy system...<\/p>","protected":false},"featured_media":7852,"template":"","meta":[],"product_brand":[],"product_cat":[17,1911],"product_tag":[68,142,1344,1912,81,1913,1915,1927,1918,1926,1928,1923],"class_list":{"0":"post-7851","1":"product","2":"type-product","3":"status-publish","4":"has-post-thumbnail","6":"product_cat-motory","7":"product_cat-rotax","8":"product_tag-engines","9":"product_tag-karting","10":"product_tag-karting-shop","11":"product_tag-motokarovy-motor","12":"product_tag-motokary","13":"product_tag-motor-na-motokaru","14":"product_tag-motor-rotax","15":"product_tag-motor-rotax-max-dd2","16":"product_tag-predaj-motorov-rotax","17":"product_tag-rotax-max-dd2","18":"product_tag-rotax-max-dd2-evo","19":"product_tag-rotax-max-senior","21":"first","22":"onbackorder","23":"taxable","24":"shipping-taxable","25":"purchasable","26":"product-type-simple","27":"customify-col"},"aioseo_notices":[],"_links":{"self":[{"href":"https:\/\/motokary-karting.sk\/pl\/wp-json\/wp\/v2\/product\/7851","targetHints":{"allow":["GET"]}}],"collection":[{"href":"https:\/\/motokary-karting.sk\/pl\/wp-json\/wp\/v2\/product"}],"about":[{"href":"https:\/\/motokary-karting.sk\/pl\/wp-json\/wp\/v2\/types\/product"}],"wp:featuredmedia":[{"embeddable":true,"href":"https:\/\/motokary-karting.sk\/pl\/wp-json\/wp\/v2\/media\/7852"}],"wp:attachment":[{"href":"https:\/\/motokary-karting.sk\/pl\/wp-json\/wp\/v2\/media?parent=7851"}],"wp:term":[{"taxonomy":"product_brand","embeddable":true,"href":"https:\/\/motokary-karting.sk\/pl\/wp-json\/wp\/v2\/product_brand?post=7851"},{"taxonomy":"product_cat","embeddable":true,"href":"https:\/\/motokary-karting.sk\/pl\/wp-json\/wp\/v2\/product_cat?post=7851"},{"taxonomy":"product_tag","embeddable":true,"href":"https:\/\/motokary-karting.sk\/pl\/wp-json\/wp\/v2\/product_tag?post=7851"}],"curies":[{"name":"wp","href":"https:\/\/api.w.org\/{rel}","templated":true}]}}