{"id":7891,"date":"2021-01-09T13:07:14","date_gmt":"2021-01-09T13:07:14","guid":{"rendered":"https:\/\/motokary-karting.sk\/?post_type=product&#038;p=7891"},"modified":"2024-11-26T19:10:52","modified_gmt":"2024-11-26T19:10:52","slug":"sparco-prsiplast","status":"publish","type":"product","link":"https:\/\/motokary-karting.sk\/pl\/produkt\/sparco-prsiplast\/","title":{"rendered":"P\u0142aszcz przeciwdeszczowy Sparco dla mechanik\u00f3w"},"content":{"rendered":"<p>Os\u0142ona przeciwdeszczowa chroni\u0105ca przed deszczem i brudem.<\/p>","protected":false},"excerpt":{"rendered":"<p>Os\u0142ona przeciwdeszczowa chroni\u0105ca przed deszczem i brudem.<\/p>","protected":false},"featured_media":7892,"template":"","meta":[],"product_brand":[],"product_cat":[22,1379,18],"product_tag":[1728,142,1344,81,945,1939,1938,26,1937,1755],"class_list":{"0":"post-7891","1":"product","2":"type-product","3":"status-publish","4":"has-post-thumbnail","6":"product_cat-kombinezy","7":"product_cat-overaly-do-dazda","8":"product_cat-vybava-pretekara","9":"product_tag-kart-shop","10":"product_tag-karting","11":"product_tag-karting-shop","12":"product_tag-motokary","13":"product_tag-predajna-sparco","14":"product_tag-prsiplast-pre-mechanika","15":"product_tag-prsiplast-sparco","16":"product_tag-sparco","17":"product_tag-sparco-prsiplast","18":"product_tag-sparco-shop","20":"first","21":"onbackorder","22":"taxable","23":"shipping-taxable","24":"purchasable","25":"product-type-variable","26":"customify-col","27":"product-has-gallery"},"aioseo_notices":[],"_links":{"self":[{"href":"https:\/\/motokary-karting.sk\/pl\/wp-json\/wp\/v2\/product\/7891","targetHints":{"allow":["GET"]}}],"collection":[{"href":"https:\/\/motokary-karting.sk\/pl\/wp-json\/wp\/v2\/product"}],"about":[{"href":"https:\/\/motokary-karting.sk\/pl\/wp-json\/wp\/v2\/types\/product"}],"wp:featuredmedia":[{"embeddable":true,"href":"https:\/\/motokary-karting.sk\/pl\/wp-json\/wp\/v2\/media\/7892"}],"wp:attachment":[{"href":"https:\/\/motokary-karting.sk\/pl\/wp-json\/wp\/v2\/media?parent=7891"}],"wp:term":[{"taxonomy":"product_brand","embeddable":true,"href":"https:\/\/motokary-karting.sk\/pl\/wp-json\/wp\/v2\/product_brand?post=7891"},{"taxonomy":"product_cat","embeddable":true,"href":"https:\/\/motokary-karting.sk\/pl\/wp-json\/wp\/v2\/product_cat?post=7891"},{"taxonomy":"product_tag","embeddable":true,"href":"https:\/\/motokary-karting.sk\/pl\/wp-json\/wp\/v2\/product_tag?post=7891"}],"curies":[{"name":"wp","href":"https:\/\/api.w.org\/{rel}","templated":true}]}}