{"id":8463,"date":"2024-12-12T11:33:44","date_gmt":"2024-12-12T11:33:44","guid":{"rendered":"https:\/\/motokary-karting.sk\/?post_type=product&#038;p=8463"},"modified":"2026-02-11T10:12:30","modified_gmt":"2026-02-11T10:12:30","slug":"kask-bell-rs7-k","status":"publish","type":"product","link":"https:\/\/motokary-karting.sk\/pl\/produkt\/bell-prilba-rs7-k\/","title":{"rendered":"Kask Bell RS7-K"},"content":{"rendered":"<p>Kask kartingowy Bell RS7-K jest odpowiednikiem udanego topowego modelu HP7 Formu\u0142y 1 - zoptymalizowanym pod k\u0105tem kartingu. Wykonany z wyj\u0105tkowo lekkiej i stabilnej kompozytowej mieszanki karbonu, kevlaru i w\u0142\u00f3kna szklanego, 14 otwor\u00f3w wentylacyjnych skierowanych do systemu wentylacji zapewnia doskona\u0142\u0105 wentylacj\u0119. Doskona\u0142e dopasowanie. Mo\u017cliwo\u015b\u0107 rozbudowy o r\u00f3\u017cne spojlery i dodatkowe wk\u0142adki wentylacyjne. Os\u0142ona przeciwmgielna z podw\u00f3jn\u0105 wewn\u0119trzn\u0105 wy\u015bci\u00f3\u0142k\u0105 jest standardem.<\/p>\n<p>&nbsp;<\/p>","protected":false},"excerpt":{"rendered":"<p>Kask kartingowy Bell RS7-K to odpowiednik udanego topowego modelu HP7 Formu\u0142y 1 - zoptymalizowany pod k\u0105tem kartingu. Wykonany z wyj\u0105tkowo lekkiej i stabilnej kompozytowej mieszanki...<\/p>","protected":false},"featured_media":29730,"template":"","meta":[],"product_brand":[],"product_cat":[962,21,18],"product_tag":[963,964,965,1689,967,1728,142,2019,2018,984,2022,81,1690,985,1675],"class_list":{"0":"post-8463","1":"product","2":"type-product","3":"status-publish","4":"has-post-thumbnail","6":"product_cat-bell","7":"product_cat-prilby","8":"product_cat-vybava-pretekara","9":"product_tag-bell","10":"product_tag-bell-helmets","11":"product_tag-bell-prilba","12":"product_tag-bell-prilba-rs7-k","13":"product_tag-bell-rs7-k","14":"product_tag-kart-shop","15":"product_tag-karting","16":"product_tag-kartingova-helma","17":"product_tag-kartingovs-prilba","18":"product_tag-motokarova-prilba","19":"product_tag-motokarova-prilba-bell","20":"product_tag-motokary","21":"product_tag-prilba-bell-rs7-k","22":"product_tag-prilba-na-motokary","23":"product_tag-prilby-bell","25":"first","26":"instock","27":"taxable","28":"shipping-taxable","29":"purchasable","30":"product-type-variable","31":"customify-col","32":"product-has-gallery"},"aioseo_notices":[],"_links":{"self":[{"href":"https:\/\/motokary-karting.sk\/pl\/wp-json\/wp\/v2\/product\/8463","targetHints":{"allow":["GET"]}}],"collection":[{"href":"https:\/\/motokary-karting.sk\/pl\/wp-json\/wp\/v2\/product"}],"about":[{"href":"https:\/\/motokary-karting.sk\/pl\/wp-json\/wp\/v2\/types\/product"}],"wp:featuredmedia":[{"embeddable":true,"href":"https:\/\/motokary-karting.sk\/pl\/wp-json\/wp\/v2\/media\/29730"}],"wp:attachment":[{"href":"https:\/\/motokary-karting.sk\/pl\/wp-json\/wp\/v2\/media?parent=8463"}],"wp:term":[{"taxonomy":"product_brand","embeddable":true,"href":"https:\/\/motokary-karting.sk\/pl\/wp-json\/wp\/v2\/product_brand?post=8463"},{"taxonomy":"product_cat","embeddable":true,"href":"https:\/\/motokary-karting.sk\/pl\/wp-json\/wp\/v2\/product_cat?post=8463"},{"taxonomy":"product_tag","embeddable":true,"href":"https:\/\/motokary-karting.sk\/pl\/wp-json\/wp\/v2\/product_tag?post=8463"}],"curies":[{"name":"wp","href":"https:\/\/api.w.org\/{rel}","templated":true}]}}