{"id":8626,"date":"2021-02-12T10:49:43","date_gmt":"2021-02-12T10:49:43","guid":{"rendered":"https:\/\/motokary-karting.sk\/?post_type=product&#038;p=8626"},"modified":"2024-02-15T13:20:31","modified_gmt":"2024-02-15T13:20:31","slug":"mechanix-siltovka-icon","status":"publish","type":"product","link":"https:\/\/motokary-karting.sk\/pl\/produkt\/mechanix-siltovka-icon\/","title":{"rendered":"Nak\u0142adka Mechanix Icon"},"content":{"rendered":"<p>Kultowa czapka snapback Mechanix Wear zachwyca regulowanym dopasowaniem i sportowym, prostym designem z aplikacj\u0105 w stylu r\u0119kawicy Mechanix Wear na logo z przodu.<\/p>\n<p>Regulowane zapi\u0119cie z ty\u0142u<br \/>\nJeden rozmiar<br \/>\nKolor: czarny<\/p>","protected":false},"excerpt":{"rendered":"<p>Kultowa czapka z zatrzaskiem Mechanix Wear zachwyca regulowanym dopasowaniem i sportowym, prostym designem z aplikacj\u0105 w stylu r\u0119kawicy Mechanix Wear na logo z przodu. Regulowane zapi\u0119cie na zatrzask...<\/p>","protected":false},"featured_media":8627,"template":"","meta":[],"product_brand":[],"product_cat":[32,942,158],"product_tag":[2077,1728,142,1344,2074,954,81,2075,1883,2079,240,2080,2078,2076],"class_list":{"0":"post-8626","1":"product","2":"type-product","3":"status-publish","4":"has-post-thumbnail","6":"product_cat-lifestyle-oblecenie-a-produkty-na-volny-cas","7":"product_cat-siltovky-a-ciapky","8":"product_cat-tip-na-darcek","9":"product_tag-ciapka-snap-back","10":"product_tag-kart-shop","11":"product_tag-karting","12":"product_tag-karting-shop","13":"product_tag-mechanix-wear","14":"product_tag-motokar","15":"product_tag-motokary","16":"product_tag-motoristicka-siltovka","17":"product_tag-predaj-motokar","18":"product_tag-sietkovana-siltovka","19":"product_tag-siltovka","20":"product_tag-siltovka-so-sietkou","21":"product_tag-siltovna-snap-back","22":"product_tag-snap-back","24":"first","25":"onbackorder","26":"taxable","27":"shipping-taxable","28":"purchasable","29":"product-type-simple","30":"customify-col"},"aioseo_notices":[],"_links":{"self":[{"href":"https:\/\/motokary-karting.sk\/pl\/wp-json\/wp\/v2\/product\/8626","targetHints":{"allow":["GET"]}}],"collection":[{"href":"https:\/\/motokary-karting.sk\/pl\/wp-json\/wp\/v2\/product"}],"about":[{"href":"https:\/\/motokary-karting.sk\/pl\/wp-json\/wp\/v2\/types\/product"}],"wp:featuredmedia":[{"embeddable":true,"href":"https:\/\/motokary-karting.sk\/pl\/wp-json\/wp\/v2\/media\/8627"}],"wp:attachment":[{"href":"https:\/\/motokary-karting.sk\/pl\/wp-json\/wp\/v2\/media?parent=8626"}],"wp:term":[{"taxonomy":"product_brand","embeddable":true,"href":"https:\/\/motokary-karting.sk\/pl\/wp-json\/wp\/v2\/product_brand?post=8626"},{"taxonomy":"product_cat","embeddable":true,"href":"https:\/\/motokary-karting.sk\/pl\/wp-json\/wp\/v2\/product_cat?post=8626"},{"taxonomy":"product_tag","embeddable":true,"href":"https:\/\/motokary-karting.sk\/pl\/wp-json\/wp\/v2\/product_tag?post=8626"}],"curies":[{"name":"wp","href":"https:\/\/api.w.org\/{rel}","templated":true}]}}