{"id":882,"date":"2020-06-02T21:15:35","date_gmt":"2020-06-02T21:15:35","guid":{"rendered":"https:\/\/motokary-karting.sk\/?post_type=product&#038;p=882"},"modified":"2026-01-28T17:34:23","modified_gmt":"2026-01-28T17:34:23","slug":"kask-ls2-poppies-pink","status":"publish","type":"product","link":"https:\/\/motokary-karting.sk\/pl\/produkt\/ls2-prilba-poppies-ruzova\/","title":{"rendered":"Kask LS2 POPPIES fioletowy"},"content":{"rendered":"<p>Nowy FF353 Rapid interpretuje fundamentalny kompromis pomi\u0119dzy wysok\u0105 ochron\u0105 i prostym designem. Ten nowy kask z serii LS2 jest wykonany z HPTT, mieszanki ABS, kt\u00f3ra zapewnia bardzo lekk\u0105 og\u00f3ln\u0105 struktur\u0119 o bardzo niskiej wadze, trzy rozmiary skorupy, deflektor oddechu, os\u0142on\u0119 klasy A i system szybkiego uwalniania. Ten kask jest idealny na codzienne wycieczki do miasta i jest bardzo wygodny na \u015brednich dystansach. Cechy wizjera LS2 FF353 Rapid Solid Z zewn\u0119trzn\u0105 skorup\u0105 wykonan\u0105 z HPTT (High Pressure Thermoplastic Technology), wizjer LS2 jest wyposa\u017cony w optycznie poprawny poliw\u0119glan 3D \u201eklasy A\u201c, a tak\u017ce zajmuj\u0105cy ma\u0142o miejsca, odporny na uderzenia polimer, kt\u00f3ry zapobiega zniekszta\u0142ceniom i zapewnia maksymaln\u0105 przejrzysto\u015b\u0107. Przezroczysty, odporny na zarysowania System szybkiego uwalniania Odporny na promieniowanie UV System przeciwmgielny Podszewka Pinlock Zdejmowana, nadaj\u0105ca si\u0119 do prania Oddychaj\u0105ca, hipoalergiczna Bezpiecze\u0144stwo Przy\u0142bica LS2 Breath Deflector oferuje r\u00f3\u017cne rozmiary skorup ze specjalnymi wk\u0142adkami ochronnymi EPS, a tak\u017ce wysokiej jako\u015bci komfortowe wk\u0142adki z ekskluzywn\u0105 laserowo wycinan\u0105 piank\u0105 3D LS2 dla idealnego dopasowania i ca\u0142odziennego komfortu. Wzmocniony \u015bliniak z systemem szybkiego odpinania Wielog\u0119sto\u015bciowa wentylacja szyi ESP Kaski LS2 maj\u0105 dynamiczny przep\u0142yw powietrza. W pe\u0142ni regulowane otwory wlotowe powietrza, wentylowany EPS, spojler kasku i otwory wentylacyjne zapewniaj\u0105 sta\u0142y, delikatny przeci\u0105g i wygodn\u0105 jazd\u0119 w komfortowej temperaturze. Kierunkowy EPS Owiewka przednia i tylna Wentylacja g\u0142owy 1280 gram\u00f3w (+ -50) Norma ECE 22.05<\/p>\n<p>&nbsp;<\/p>\n<p>Instrukcje dotycz\u0105ce doboru odpowiedniego rozmiaru kasku oraz tabel\u0119 rozmiar\u00f3w mo\u017cna znale\u017a\u0107 w galerii zdj\u0119\u0107.<\/p>","protected":false},"excerpt":{"rendered":"<p>Nowy FF353 Rapid interpretuje podstawowy kompromis mi\u0119dzy wysok\u0105 ochron\u0105 a prost\u0105 konstrukcj\u0105. Ten nowy kask z serii LS2 jest wykonany z HPTT, mieszanki ABS, kt\u00f3ra zapewnia...<\/p>","protected":false},"featured_media":890,"template":"","meta":[],"product_brand":[],"product_cat":[164,21,77,18],"product_tag":[2055,1515,2056,1513,1516,165,1344,166,1511,81,150,985,1514,2057],"class_list":{"0":"post-882","1":"product","2":"type-product","3":"status-publish","4":"has-post-thumbnail","6":"product_cat-ls2","7":"product_cat-prilby","8":"product_cat-rental-karting","9":"product_cat-vybava-pretekara","10":"product_tag-babska-prilba","11":"product_tag-damska-prilba","12":"product_tag-dievcenska-helma","13":"product_tag-dievcenska-prilba","14":"product_tag-fialova-prilba","15":"product_tag-helma","16":"product_tag-karting-shop","17":"product_tag-ls2","18":"product_tag-ls2-poppies","19":"product_tag-motokary","20":"product_tag-prilba","21":"product_tag-prilba-na-motokary","22":"product_tag-prilba-pre-dievcata","23":"product_tag-ruzova-prilba","25":"first","26":"instock","27":"sale","28":"taxable","29":"shipping-taxable","30":"purchasable","31":"product-type-variable","32":"customify-col","33":"product-has-gallery"},"aioseo_notices":[],"_links":{"self":[{"href":"https:\/\/motokary-karting.sk\/pl\/wp-json\/wp\/v2\/product\/882","targetHints":{"allow":["GET"]}}],"collection":[{"href":"https:\/\/motokary-karting.sk\/pl\/wp-json\/wp\/v2\/product"}],"about":[{"href":"https:\/\/motokary-karting.sk\/pl\/wp-json\/wp\/v2\/types\/product"}],"wp:featuredmedia":[{"embeddable":true,"href":"https:\/\/motokary-karting.sk\/pl\/wp-json\/wp\/v2\/media\/890"}],"wp:attachment":[{"href":"https:\/\/motokary-karting.sk\/pl\/wp-json\/wp\/v2\/media?parent=882"}],"wp:term":[{"taxonomy":"product_brand","embeddable":true,"href":"https:\/\/motokary-karting.sk\/pl\/wp-json\/wp\/v2\/product_brand?post=882"},{"taxonomy":"product_cat","embeddable":true,"href":"https:\/\/motokary-karting.sk\/pl\/wp-json\/wp\/v2\/product_cat?post=882"},{"taxonomy":"product_tag","embeddable":true,"href":"https:\/\/motokary-karting.sk\/pl\/wp-json\/wp\/v2\/product_tag?post=882"}],"curies":[{"name":"wp","href":"https:\/\/api.w.org\/{rel}","templated":true}]}}