{"id":8874,"date":"2021-03-08T10:14:54","date_gmt":"2021-03-08T10:14:54","guid":{"rendered":"https:\/\/motokary-karting.sk\/?post_type=product&#038;p=8874"},"modified":"2025-10-01T12:36:13","modified_gmt":"2025-10-01T12:36:13","slug":"przewod-hamulcowy-o-roznych-rozmiarach","status":"publish","type":"product","link":"https:\/\/motokary-karting.sk\/pl\/produkt\/brzdova-hadica-rozne-velkosti\/","title":{"rendered":"Przew\u00f3d hamulcowy - r\u00f3\u017cne rozmiary"},"content":{"rendered":"","protected":false},"excerpt":{"rendered":"","protected":false},"featured_media":8875,"template":"","meta":[],"product_brand":[],"product_cat":[302,271,1550],"product_tag":[2123,2124,2126,2125,246,142,2122,1344,2127,2121],"class_list":{"0":"post-8874","1":"product","2":"type-product","3":"status-publish","4":"has-post-thumbnail","6":"product_cat-brzdy-prislusenstvo","7":"product_cat-nahradne-diely-na-podvozky","8":"product_cat-ostatne-brzdy-prislusenstvo","9":"product_tag-brake-hose","10":"product_tag-brake-hoses","11":"product_tag-brzdova-hodica-na-motokaru","12":"product_tag-kaeting-brake-hoses","13":"product_tag-kart","14":"product_tag-karting","15":"product_tag-karting-brake","16":"product_tag-karting-shop","17":"product_tag-motokarova-brzdova-hadica","18":"product_tag-motokarx","20":"first","21":"instock","22":"taxable","23":"shipping-taxable","24":"purchasable","25":"product-type-variable","26":"customify-col"},"aioseo_notices":[],"_links":{"self":[{"href":"https:\/\/motokary-karting.sk\/pl\/wp-json\/wp\/v2\/product\/8874","targetHints":{"allow":["GET"]}}],"collection":[{"href":"https:\/\/motokary-karting.sk\/pl\/wp-json\/wp\/v2\/product"}],"about":[{"href":"https:\/\/motokary-karting.sk\/pl\/wp-json\/wp\/v2\/types\/product"}],"wp:featuredmedia":[{"embeddable":true,"href":"https:\/\/motokary-karting.sk\/pl\/wp-json\/wp\/v2\/media\/8875"}],"wp:attachment":[{"href":"https:\/\/motokary-karting.sk\/pl\/wp-json\/wp\/v2\/media?parent=8874"}],"wp:term":[{"taxonomy":"product_brand","embeddable":true,"href":"https:\/\/motokary-karting.sk\/pl\/wp-json\/wp\/v2\/product_brand?post=8874"},{"taxonomy":"product_cat","embeddable":true,"href":"https:\/\/motokary-karting.sk\/pl\/wp-json\/wp\/v2\/product_cat?post=8874"},{"taxonomy":"product_tag","embeddable":true,"href":"https:\/\/motokary-karting.sk\/pl\/wp-json\/wp\/v2\/product_tag?post=8874"}],"curies":[{"name":"wp","href":"https:\/\/api.w.org\/{rel}","templated":true}]}}