{"id":8901,"date":"2021-03-08T16:43:04","date_gmt":"2021-03-08T16:43:04","guid":{"rendered":"https:\/\/motokary-karting.sk\/?post_type=product&#038;p=8901"},"modified":"2024-05-14T09:37:36","modified_gmt":"2024-05-14T09:37:36","slug":"nakretka-wydluzona-m8-x-24-mm","status":"publish","type":"product","link":"https:\/\/motokary-karting.sk\/pl\/produkt\/predlzena-matica-m8-x-24mm\/","title":{"rendered":"Przed\u0142u\u017cona nakr\u0119tka M8 x 24 mm"},"content":{"rendered":"","protected":false},"excerpt":{"rendered":"","protected":false},"featured_media":8903,"template":"","meta":[],"product_brand":[],"product_cat":[209,271,1464,1465],"product_tag":[142,1344,2135,81,2134],"class_list":{"0":"post-8901","1":"product","2":"type-product","3":"status-publish","4":"has-post-thumbnail","6":"product_cat-disky-prislusenstvo","7":"product_cat-nahradne-diely-na-podvozky","8":"product_cat-predne","9":"product_cat-zadne","10":"product_tag-karting","11":"product_tag-karting-shop","12":"product_tag-matica-m8","13":"product_tag-motokary","14":"product_tag-predlzena-matica-m8","16":"first","17":"instock","18":"taxable","19":"shipping-taxable","20":"purchasable","21":"product-type-simple","22":"customify-col"},"aioseo_notices":[],"_links":{"self":[{"href":"https:\/\/motokary-karting.sk\/pl\/wp-json\/wp\/v2\/product\/8901","targetHints":{"allow":["GET"]}}],"collection":[{"href":"https:\/\/motokary-karting.sk\/pl\/wp-json\/wp\/v2\/product"}],"about":[{"href":"https:\/\/motokary-karting.sk\/pl\/wp-json\/wp\/v2\/types\/product"}],"wp:featuredmedia":[{"embeddable":true,"href":"https:\/\/motokary-karting.sk\/pl\/wp-json\/wp\/v2\/media\/8903"}],"wp:attachment":[{"href":"https:\/\/motokary-karting.sk\/pl\/wp-json\/wp\/v2\/media?parent=8901"}],"wp:term":[{"taxonomy":"product_brand","embeddable":true,"href":"https:\/\/motokary-karting.sk\/pl\/wp-json\/wp\/v2\/product_brand?post=8901"},{"taxonomy":"product_cat","embeddable":true,"href":"https:\/\/motokary-karting.sk\/pl\/wp-json\/wp\/v2\/product_cat?post=8901"},{"taxonomy":"product_tag","embeddable":true,"href":"https:\/\/motokary-karting.sk\/pl\/wp-json\/wp\/v2\/product_tag?post=8901"}],"curies":[{"name":"wp","href":"https:\/\/api.w.org\/{rel}","templated":true}]}}