{"id":8969,"date":"2021-03-11T11:19:43","date_gmt":"2021-03-11T11:19:43","guid":{"rendered":"https:\/\/motokary-karting.sk\/?post_type=product&#038;p=8969"},"modified":"2025-09-19T14:29:37","modified_gmt":"2025-09-19T14:29:37","slug":"pierscien-blokujacy-drazek-kierowniczy-20-mm","status":"publish","type":"product","link":"https:\/\/motokary-karting.sk\/pl\/produkt\/istiaci-kruzok-volantovej-tyce-20mm\/","title":{"rendered":"Pier\u015bcie\u0144 ustalaj\u0105cy dr\u0105\u017cka kierowniczego 20 mm"},"content":{"rendered":"","protected":false},"excerpt":{"rendered":"","protected":false},"featured_media":14055,"template":"","meta":[],"product_brand":[],"product_cat":[271,378],"product_tag":[2157,2158,142,1344,81],"class_list":{"0":"post-8969","1":"product","2":"type-product","3":"status-publish","4":"has-post-thumbnail","6":"product_cat-nahradne-diely-na-podvozky","7":"product_cat-riadenie-prislusenstvo","8":"product_tag-istiaci-kruzok-na-volant","9":"product_tag-istiaci-kruzok-volantovej-tyce","10":"product_tag-karting","11":"product_tag-karting-shop","12":"product_tag-motokary","14":"first","15":"instock","16":"taxable","17":"shipping-taxable","18":"purchasable","19":"product-type-simple","20":"customify-col"},"aioseo_notices":[],"_links":{"self":[{"href":"https:\/\/motokary-karting.sk\/pl\/wp-json\/wp\/v2\/product\/8969","targetHints":{"allow":["GET"]}}],"collection":[{"href":"https:\/\/motokary-karting.sk\/pl\/wp-json\/wp\/v2\/product"}],"about":[{"href":"https:\/\/motokary-karting.sk\/pl\/wp-json\/wp\/v2\/types\/product"}],"wp:featuredmedia":[{"embeddable":true,"href":"https:\/\/motokary-karting.sk\/pl\/wp-json\/wp\/v2\/media\/14055"}],"wp:attachment":[{"href":"https:\/\/motokary-karting.sk\/pl\/wp-json\/wp\/v2\/media?parent=8969"}],"wp:term":[{"taxonomy":"product_brand","embeddable":true,"href":"https:\/\/motokary-karting.sk\/pl\/wp-json\/wp\/v2\/product_brand?post=8969"},{"taxonomy":"product_cat","embeddable":true,"href":"https:\/\/motokary-karting.sk\/pl\/wp-json\/wp\/v2\/product_cat?post=8969"},{"taxonomy":"product_tag","embeddable":true,"href":"https:\/\/motokary-karting.sk\/pl\/wp-json\/wp\/v2\/product_tag?post=8969"}],"curies":[{"name":"wp","href":"https:\/\/api.w.org\/{rel}","templated":true}]}}