{"id":9061,"date":"2021-03-16T20:59:19","date_gmt":"2021-03-16T20:59:19","guid":{"rendered":"https:\/\/motokary-karting.sk\/?post_type=product&#038;p=9061"},"modified":"2026-04-20T16:32:19","modified_gmt":"2026-04-20T16:32:19","slug":"nakretka-kola-m8","status":"publish","type":"product","link":"https:\/\/motokary-karting.sk\/pl\/produkt\/matica-m8-na-kolesa\/","title":{"rendered":"Nakr\u0119tka M8 do k\u00f3\u0142"},"content":{"rendered":"<p>Klucz do dokr\u0119cania nr 10<\/p>","protected":false},"excerpt":{"rendered":"<p>Klucz do dokr\u0119cania nr 10<\/p>","protected":false},"featured_media":9062,"template":"","meta":[],"product_brand":[],"product_cat":[209,271,1464,1465],"product_tag":[142,1344,2135,2192,81],"class_list":{"0":"post-9061","1":"product","2":"type-product","3":"status-publish","4":"has-post-thumbnail","6":"product_cat-disky-prislusenstvo","7":"product_cat-nahradne-diely-na-podvozky","8":"product_cat-predne","9":"product_cat-zadne","10":"product_tag-karting","11":"product_tag-karting-shop","12":"product_tag-matica-m8","13":"product_tag-matica-na-kolesa","14":"product_tag-motokary","16":"first","17":"instock","18":"taxable","19":"shipping-taxable","20":"purchasable","21":"product-type-simple","22":"customify-col"},"aioseo_notices":[],"_links":{"self":[{"href":"https:\/\/motokary-karting.sk\/pl\/wp-json\/wp\/v2\/product\/9061","targetHints":{"allow":["GET"]}}],"collection":[{"href":"https:\/\/motokary-karting.sk\/pl\/wp-json\/wp\/v2\/product"}],"about":[{"href":"https:\/\/motokary-karting.sk\/pl\/wp-json\/wp\/v2\/types\/product"}],"wp:featuredmedia":[{"embeddable":true,"href":"https:\/\/motokary-karting.sk\/pl\/wp-json\/wp\/v2\/media\/9062"}],"wp:attachment":[{"href":"https:\/\/motokary-karting.sk\/pl\/wp-json\/wp\/v2\/media?parent=9061"}],"wp:term":[{"taxonomy":"product_brand","embeddable":true,"href":"https:\/\/motokary-karting.sk\/pl\/wp-json\/wp\/v2\/product_brand?post=9061"},{"taxonomy":"product_cat","embeddable":true,"href":"https:\/\/motokary-karting.sk\/pl\/wp-json\/wp\/v2\/product_cat?post=9061"},{"taxonomy":"product_tag","embeddable":true,"href":"https:\/\/motokary-karting.sk\/pl\/wp-json\/wp\/v2\/product_tag?post=9061"}],"curies":[{"name":"wp","href":"https:\/\/api.w.org\/{rel}","templated":true}]}}