{"id":9108,"date":"2021-03-22T20:23:35","date_gmt":"2021-03-22T20:23:35","guid":{"rendered":"https:\/\/motokary-karting.sk\/?post_type=product&#038;p=9108"},"modified":"2024-10-19T12:58:10","modified_gmt":"2024-10-19T12:58:10","slug":"schroth-hans-system-super-sport-xlt-20","status":"publish","type":"product","link":"https:\/\/motokary-karting.sk\/pl\/produkt\/schroth-hans-system-super-sport-xlt-%c2%b7-20\/","title":{"rendered":"Schroth HANS System Super Sport XLT - 20\u00b0"},"content":{"rendered":"<p>System FHR w podstawowej klasie cenowej wykonany ze wzmocnionego tworzywa sztucznego. Standardowo wyposa\u017cony w ruchomy system mocowania zapewniaj\u0105cy wi\u0119ksz\u0105 swobod\u0119 ruch\u00f3w Homologacja FIA 8858-2010.<\/p>\n<p>Waga (bez wype\u0142niacza): 786 g (przy 20\u00b0 medium)<\/p>\n<p>&nbsp;<\/p>\n<p>Uwaga: Do zamocowania systemu FFR do kasku wymagane s\u0105 specjalne klipsy SCHROTH SHR Twist. S\u0105 one ju\u017c do\u0142\u0105czone do SCHROTH RACING Super Sport XLT!<\/p>","protected":false},"excerpt":{"rendered":"<p>System FHR w podstawowej klasie cenowej wykonany ze wzmocnionego tworzywa sztucznego. Standardowo wyposa\u017cony w ruchomy system mocowania zapewniaj\u0105cy wi\u0119ksz\u0105 swobod\u0119 ruch\u00f3w. Homologacja FIA 8858-2010. Waga (bez wy\u015bci\u00f3\u0142ki):...<\/p>","protected":false},"featured_media":9109,"template":"","meta":[],"product_brand":[],"product_cat":[2203,21,18],"product_tag":[2204,2208,2205,142,1344,81,2207,2209,2206],"class_list":{"0":"post-9108","1":"product","2":"type-product","3":"status-publish","4":"has-post-thumbnail","6":"product_cat-hans-systemy","7":"product_cat-prilby","8":"product_cat-vybava-pretekara","9":"product_tag-hans","10":"product_tag-hans-schroth","11":"product_tag-hans-system","12":"product_tag-karting","13":"product_tag-karting-shop","14":"product_tag-motokary","15":"product_tag-schroth","16":"product_tag-schroth-hans","17":"product_tag-system-hans","19":"first","20":"onbackorder","21":"taxable","22":"shipping-taxable","23":"purchasable","24":"product-type-variable","25":"customify-col"},"aioseo_notices":[],"_links":{"self":[{"href":"https:\/\/motokary-karting.sk\/pl\/wp-json\/wp\/v2\/product\/9108","targetHints":{"allow":["GET"]}}],"collection":[{"href":"https:\/\/motokary-karting.sk\/pl\/wp-json\/wp\/v2\/product"}],"about":[{"href":"https:\/\/motokary-karting.sk\/pl\/wp-json\/wp\/v2\/types\/product"}],"wp:featuredmedia":[{"embeddable":true,"href":"https:\/\/motokary-karting.sk\/pl\/wp-json\/wp\/v2\/media\/9109"}],"wp:attachment":[{"href":"https:\/\/motokary-karting.sk\/pl\/wp-json\/wp\/v2\/media?parent=9108"}],"wp:term":[{"taxonomy":"product_brand","embeddable":true,"href":"https:\/\/motokary-karting.sk\/pl\/wp-json\/wp\/v2\/product_brand?post=9108"},{"taxonomy":"product_cat","embeddable":true,"href":"https:\/\/motokary-karting.sk\/pl\/wp-json\/wp\/v2\/product_cat?post=9108"},{"taxonomy":"product_tag","embeddable":true,"href":"https:\/\/motokary-karting.sk\/pl\/wp-json\/wp\/v2\/product_tag?post=9108"}],"curies":[{"name":"wp","href":"https:\/\/api.w.org\/{rel}","templated":true}]}}