{"id":9112,"date":"2021-03-22T20:23:52","date_gmt":"2021-03-22T20:23:52","guid":{"rendered":"https:\/\/motokary-karting.sk\/?post_type=product&#038;p=9112"},"modified":"2024-03-08T08:38:24","modified_gmt":"2024-03-08T08:38:24","slug":"schroth-hans-system-xlt-20-30","status":"publish","type":"product","link":"https:\/\/motokary-karting.sk\/pl\/produkt\/schroth-hans-system-xlt-%c2%b7-20-30\/","title":{"rendered":"Schroth HANS System XLT - 20\u00b0\/30\u00b0"},"content":{"rendered":"<p>Najnowsza generacja system\u00f3w Schroth Protec FHR to XLT 20\u00b0\/30\u00b0 wykonany z wysokiej jako\u015bci w\u0142\u00f3kna w\u0119glowego. Dzi\u0119ki ukierunkowanej optymalizacji kszta\u0142tu i najnowszej technologii w\u0119glowej firmie Schroth uda\u0142o si\u0119 zmniejszy\u0107 wag\u0119 tego systemu nawet o 25% w por\u00f3wnaniu z wersj\u0105 Pro. Szczeg\u00f3lnie wysoki komfort noszenia - bez uszczerbku dla ochrony. Standardowo wyposa\u017cony w ruchomy system mocowania zapewniaj\u0105cy wi\u0119ksz\u0105 swobod\u0119 ruch\u00f3w.<\/p>\n<p>Waga (bez wype\u0142niacza): 554 g (przy 20\u00b0 medium)<\/p>\n<p>Aby uzyska\u0107 wyb\u00f3r rozmiar\u00f3w, nale\u017cy zapozna\u0107 si\u0119 z rozmiarem ko\u0142nierzyka koszuli:<br \/>\nRozmiar \u015bredni: rozmiar ko\u0142nierza mi\u0119dzy 38 a 46 cm<br \/>\nRozmiar du\u017cy: rozmiar ko\u0142nierza wi\u0119kszy ni\u017c 46 cm<\/p>\n<p>Uwaga: Do zamocowania systemu FFR do kasku wymagane s\u0105 specjalne klipsy SCHROTH SHR Twist (nr katalogowy 4909). S\u0105 one ju\u017c do\u0142\u0105czone do SCHROTH RACING XLT!<\/p>","protected":false},"excerpt":{"rendered":"<p>Najnowsza generacja system\u00f3w Schroth Protec FHR to XLT 20\u00b0\/30\u00b0 wykonany z wysokiej jako\u015bci w\u0142\u00f3kna w\u0119glowego. Dzi\u0119ki ukierunkowanej optymalizacji kszta\u0142tu i najnowszym...<\/p>","protected":false},"featured_media":9115,"template":"","meta":[],"product_brand":[],"product_cat":[2203,21,18],"product_tag":[2204,2208,2205,142,1344,81,2207,2209,2206],"class_list":{"0":"post-9112","1":"product","2":"type-product","3":"status-publish","4":"has-post-thumbnail","6":"product_cat-hans-systemy","7":"product_cat-prilby","8":"product_cat-vybava-pretekara","9":"product_tag-hans","10":"product_tag-hans-schroth","11":"product_tag-hans-system","12":"product_tag-karting","13":"product_tag-karting-shop","14":"product_tag-motokary","15":"product_tag-schroth","16":"product_tag-schroth-hans","17":"product_tag-system-hans","19":"first","20":"onbackorder","21":"taxable","22":"shipping-taxable","23":"purchasable","24":"product-type-variable","25":"customify-col","26":"product-has-gallery"},"aioseo_notices":[],"_links":{"self":[{"href":"https:\/\/motokary-karting.sk\/pl\/wp-json\/wp\/v2\/product\/9112","targetHints":{"allow":["GET"]}}],"collection":[{"href":"https:\/\/motokary-karting.sk\/pl\/wp-json\/wp\/v2\/product"}],"about":[{"href":"https:\/\/motokary-karting.sk\/pl\/wp-json\/wp\/v2\/types\/product"}],"wp:featuredmedia":[{"embeddable":true,"href":"https:\/\/motokary-karting.sk\/pl\/wp-json\/wp\/v2\/media\/9115"}],"wp:attachment":[{"href":"https:\/\/motokary-karting.sk\/pl\/wp-json\/wp\/v2\/media?parent=9112"}],"wp:term":[{"taxonomy":"product_brand","embeddable":true,"href":"https:\/\/motokary-karting.sk\/pl\/wp-json\/wp\/v2\/product_brand?post=9112"},{"taxonomy":"product_cat","embeddable":true,"href":"https:\/\/motokary-karting.sk\/pl\/wp-json\/wp\/v2\/product_cat?post=9112"},{"taxonomy":"product_tag","embeddable":true,"href":"https:\/\/motokary-karting.sk\/pl\/wp-json\/wp\/v2\/product_tag?post=9112"}],"curies":[{"name":"wp","href":"https:\/\/api.w.org\/{rel}","templated":true}]}}