{"id":9183,"date":"2021-03-25T10:19:30","date_gmt":"2021-03-25T10:19:30","guid":{"rendered":"https:\/\/motokary-karting.sk\/?post_type=product&#038;p=9183"},"modified":"2026-03-15T20:11:25","modified_gmt":"2026-03-15T20:11:25","slug":"uniwersalna-podkladka-pod-piete","status":"publish","type":"product","link":"https:\/\/motokary-karting.sk\/pl\/produkt\/podlozka-paty-univerzalna\/","title":{"rendered":"Uniwersalna podk\u0142adka pod pi\u0119t\u0119 | ZESTAW 2"},"content":{"rendered":"","protected":false},"excerpt":{"rendered":"","protected":false},"featured_media":11367,"template":"","meta":[],"product_brand":[],"product_cat":[271,276],"product_tag":[142,1344,81,1336,2214,2713],"class_list":{"0":"post-9183","1":"product","2":"type-product","3":"status-publish","4":"has-post-thumbnail","6":"product_cat-nahradne-diely-na-podvozky","7":"product_cat-ostatne","8":"product_tag-karting","9":"product_tag-karting-shop","10":"product_tag-motokary","11":"product_tag-nahradne-diely-na-motokary","12":"product_tag-podlozka-paty","13":"product_tag-podlozka-pod-paty","15":"first","16":"instock","17":"taxable","18":"shipping-taxable","19":"purchasable","20":"product-type-simple","21":"customify-col"},"aioseo_notices":[],"_links":{"self":[{"href":"https:\/\/motokary-karting.sk\/pl\/wp-json\/wp\/v2\/product\/9183","targetHints":{"allow":["GET"]}}],"collection":[{"href":"https:\/\/motokary-karting.sk\/pl\/wp-json\/wp\/v2\/product"}],"about":[{"href":"https:\/\/motokary-karting.sk\/pl\/wp-json\/wp\/v2\/types\/product"}],"wp:featuredmedia":[{"embeddable":true,"href":"https:\/\/motokary-karting.sk\/pl\/wp-json\/wp\/v2\/media\/11367"}],"wp:attachment":[{"href":"https:\/\/motokary-karting.sk\/pl\/wp-json\/wp\/v2\/media?parent=9183"}],"wp:term":[{"taxonomy":"product_brand","embeddable":true,"href":"https:\/\/motokary-karting.sk\/pl\/wp-json\/wp\/v2\/product_brand?post=9183"},{"taxonomy":"product_cat","embeddable":true,"href":"https:\/\/motokary-karting.sk\/pl\/wp-json\/wp\/v2\/product_cat?post=9183"},{"taxonomy":"product_tag","embeddable":true,"href":"https:\/\/motokary-karting.sk\/pl\/wp-json\/wp\/v2\/product_tag?post=9183"}],"curies":[{"name":"wp","href":"https:\/\/api.w.org\/{rel}","templated":true}]}}