{"id":9193,"date":"2021-03-25T10:46:34","date_gmt":"2021-03-25T10:46:34","guid":{"rendered":"https:\/\/motokary-karting.sk\/?post_type=product&#038;p=9193"},"modified":"2026-01-29T18:51:11","modified_gmt":"2026-01-29T18:51:11","slug":"przewod-laczacy-gaznik-czerwony-niebieski-20cm","status":"publish","type":"product","link":"https:\/\/motokary-karting.sk\/pl\/produkt\/prepojovacia-hadicka-karburatora-cervena-modra-20cm\/","title":{"rendered":"W\u0105\u017c \u0142\u0105cz\u0105cy ga\u017anik | 20cm"},"content":{"rendered":"","protected":false},"excerpt":{"rendered":"","protected":false},"featured_media":10118,"template":"","meta":[],"product_brand":[],"product_cat":[1324,1642,2332,2331,2333,645,858],"product_tag":[1653,142,81,2218,431,1654,1656,1655],"class_list":{"0":"post-9193","1":"product","2":"type-product","3":"status-publish","4":"has-post-thumbnail","6":"product_cat-iame","7":"product_cat-karburatory-prislusenstvo","8":"product_cat-model-tm-k10c","9":"product_cat-model-tm-k9c","10":"product_cat-model-tm-kz-r1","11":"product_cat-nahradne-diely-na-motory","12":"product_cat-tm-racing-nahradne-diely-na-motory","13":"product_tag-dellorto","14":"product_tag-karting","15":"product_tag-motokary","16":"product_tag-prepojovacia-hadicka","17":"product_tag-tm-racing","18":"product_tag-tryska","19":"product_tag-tryska-dellorto","20":"product_tag-tryska-do-karburatora","22":"first","23":"instock","24":"taxable","25":"shipping-taxable","26":"purchasable","27":"product-type-variable","28":"customify-col"},"aioseo_notices":[],"_links":{"self":[{"href":"https:\/\/motokary-karting.sk\/pl\/wp-json\/wp\/v2\/product\/9193","targetHints":{"allow":["GET"]}}],"collection":[{"href":"https:\/\/motokary-karting.sk\/pl\/wp-json\/wp\/v2\/product"}],"about":[{"href":"https:\/\/motokary-karting.sk\/pl\/wp-json\/wp\/v2\/types\/product"}],"wp:featuredmedia":[{"embeddable":true,"href":"https:\/\/motokary-karting.sk\/pl\/wp-json\/wp\/v2\/media\/10118"}],"wp:attachment":[{"href":"https:\/\/motokary-karting.sk\/pl\/wp-json\/wp\/v2\/media?parent=9193"}],"wp:term":[{"taxonomy":"product_brand","embeddable":true,"href":"https:\/\/motokary-karting.sk\/pl\/wp-json\/wp\/v2\/product_brand?post=9193"},{"taxonomy":"product_cat","embeddable":true,"href":"https:\/\/motokary-karting.sk\/pl\/wp-json\/wp\/v2\/product_cat?post=9193"},{"taxonomy":"product_tag","embeddable":true,"href":"https:\/\/motokary-karting.sk\/pl\/wp-json\/wp\/v2\/product_tag?post=9193"}],"curies":[{"name":"wp","href":"https:\/\/api.w.org\/{rel}","templated":true}]}}