{"id":9248,"date":"2021-03-26T21:49:19","date_gmt":"2021-03-26T21:49:19","guid":{"rendered":"https:\/\/motokary-karting.sk\/?post_type=product&#038;p=9248"},"modified":"2024-03-08T08:37:19","modified_gmt":"2024-03-08T08:37:19","slug":"stand21-fhr-system-club-20","status":"publish","type":"product","link":"https:\/\/motokary-karting.sk\/pl\/produkt\/stand21-fhr-system-club-%c2%b7-20\/","title":{"rendered":"Stand21 FHR System Club - 20\u00b0"},"content":{"rendered":"<p>Niedrogi podstawowy model FHR System Club 20\u00b0 wykonany ze wzmocnionego tworzywa sztucznego w technologii plastra miodu. Bardzo szerokie powierzchnie styku zapewniaj\u0105 wi\u0119kszy komfort i \u0142atwiejsz\u0105 obs\u0142ug\u0119. Standardowo wyposa\u017cony w ruchomy system mocowania zapewniaj\u0105cy wi\u0119ksz\u0105 swobod\u0119 ruch\u00f3w.<\/p>\n<p>Waga (bez wype\u0142niacza): 900 g (przy 20\u00b0 medium)<\/p>\n<p>Przy wyborze rozmiaru nale\u017cy kierowa\u0107 si\u0119 rozmiarem ko\u0142nierzyka:<br \/>\nRozmiar \u015bredni: rozmiar ko\u0142nierza mi\u0119dzy 38 a 45,5 cm<br \/>\nRozmiar du\u017cy: rozmiar ko\u0142nierza wi\u0119kszy ni\u017c 45,5 cm<\/p>\n<p>Homologacja galerii zdj\u0119\u0107<\/p>","protected":false},"excerpt":{"rendered":"<p>Niedrogi podstawowy model FHR System Club 20\u00b0 wykonany ze wzmocnionego tworzywa sztucznego w technologii plastra miodu. Bardzo szerokie powierzchnie styku zapewniaj\u0105 wi\u0119kszy komfort i \u0142atwiejsz\u0105 obs\u0142ug\u0119....<\/p>","protected":false},"featured_media":9251,"template":"","meta":[],"product_brand":[],"product_cat":[2203,21,18],"product_tag":[2204,2226,2205,142,1344,81,2228,2227,2206],"class_list":{"0":"post-9248","1":"product","2":"type-product","3":"status-publish","4":"has-post-thumbnail","6":"product_cat-hans-systemy","7":"product_cat-prilby","8":"product_cat-vybava-pretekara","9":"product_tag-hans","10":"product_tag-hans-stand21","11":"product_tag-hans-system","12":"product_tag-karting","13":"product_tag-karting-shop","14":"product_tag-motokary","15":"product_tag-stand21","16":"product_tag-stand21-hans","17":"product_tag-system-hans","19":"first","20":"onbackorder","21":"taxable","22":"shipping-taxable","23":"purchasable","24":"product-type-variable","25":"customify-col","26":"product-has-gallery"},"aioseo_notices":[],"_links":{"self":[{"href":"https:\/\/motokary-karting.sk\/pl\/wp-json\/wp\/v2\/product\/9248","targetHints":{"allow":["GET"]}}],"collection":[{"href":"https:\/\/motokary-karting.sk\/pl\/wp-json\/wp\/v2\/product"}],"about":[{"href":"https:\/\/motokary-karting.sk\/pl\/wp-json\/wp\/v2\/types\/product"}],"wp:featuredmedia":[{"embeddable":true,"href":"https:\/\/motokary-karting.sk\/pl\/wp-json\/wp\/v2\/media\/9251"}],"wp:attachment":[{"href":"https:\/\/motokary-karting.sk\/pl\/wp-json\/wp\/v2\/media?parent=9248"}],"wp:term":[{"taxonomy":"product_brand","embeddable":true,"href":"https:\/\/motokary-karting.sk\/pl\/wp-json\/wp\/v2\/product_brand?post=9248"},{"taxonomy":"product_cat","embeddable":true,"href":"https:\/\/motokary-karting.sk\/pl\/wp-json\/wp\/v2\/product_cat?post=9248"},{"taxonomy":"product_tag","embeddable":true,"href":"https:\/\/motokary-karting.sk\/pl\/wp-json\/wp\/v2\/product_tag?post=9248"}],"curies":[{"name":"wp","href":"https:\/\/api.w.org\/{rel}","templated":true}]}}