{"id":9292,"date":"2021-04-04T20:19:29","date_gmt":"2021-04-04T20:19:29","guid":{"rendered":"https:\/\/motokary-karting.sk\/?post_type=product&#038;p=9292"},"modified":"2025-08-10T19:03:12","modified_gmt":"2025-08-10T19:03:12","slug":"plecak-sparco","status":"publish","type":"product","link":"https:\/\/motokary-karting.sk\/pl\/produkt\/sparco-batoh\/","title":{"rendered":"Plecak Sparco"},"content":{"rendered":"<p>Plecak sportowy w swojej klasie ze zintegrowan\u0105 przegrod\u0105 na laptopa (do 15\u201d) i wy\u015bcie\u0142anymi paskami na ramiona. Szczeg\u00f3lnie praktyczny dzi\u0119ki kilku oddzielnym przegrodom zapinanym na zamek b\u0142yskawiczny.<\/p>\n<p>Wymiary (wys. x szer. x g\u0142.): 40 x 30 x 14 cm<br \/>\n100% poliester<\/p>","protected":false},"excerpt":{"rendered":"<p>Plecak sportowy w swojej klasie ze zintegrowan\u0105 przegrod\u0105 na laptopa (do 15\u201d) i wy\u015bcie\u0142anymi paskami na ramiona. Szczeg\u00f3lnie praktyczny dzi\u0119ki kilku oddzielnym przegrodom zapinanym na zamek....<\/p>","protected":false},"featured_media":9293,"template":"","meta":[],"product_brand":[],"product_cat":[32,734,158],"product_tag":[1429,142,1344,81,945,730,1430,959,26,1432,1425,946,1428,955,1431],"class_list":{"0":"post-9292","1":"product","2":"type-product","3":"status-publish","4":"has-post-thumbnail","6":"product_cat-lifestyle-oblecenie-a-produkty-na-volny-cas","7":"product_cat-ruksaky-tasky-na-prilby","8":"product_cat-tip-na-darcek","9":"product_tag-batoh-sparco","10":"product_tag-karting","11":"product_tag-karting-shop","12":"product_tag-motokary","13":"product_tag-predajna-sparco","14":"product_tag-ruksak","15":"product_tag-ruksak-sparco","16":"product_tag-skoba-na-kluce","17":"product_tag-sparco","18":"product_tag-sparco-batoh","19":"product_tag-sparco-dazdnik","20":"product_tag-sparco-dealer","21":"product_tag-sparco-flasa","22":"product_tag-sparco-predajna","23":"product_tag-sparco-ruksak","25":"first","26":"onbackorder","27":"taxable","28":"shipping-taxable","29":"purchasable","30":"product-type-variable","31":"customify-col","32":"product-has-gallery"},"aioseo_notices":[],"_links":{"self":[{"href":"https:\/\/motokary-karting.sk\/pl\/wp-json\/wp\/v2\/product\/9292","targetHints":{"allow":["GET"]}}],"collection":[{"href":"https:\/\/motokary-karting.sk\/pl\/wp-json\/wp\/v2\/product"}],"about":[{"href":"https:\/\/motokary-karting.sk\/pl\/wp-json\/wp\/v2\/types\/product"}],"wp:featuredmedia":[{"embeddable":true,"href":"https:\/\/motokary-karting.sk\/pl\/wp-json\/wp\/v2\/media\/9293"}],"wp:attachment":[{"href":"https:\/\/motokary-karting.sk\/pl\/wp-json\/wp\/v2\/media?parent=9292"}],"wp:term":[{"taxonomy":"product_brand","embeddable":true,"href":"https:\/\/motokary-karting.sk\/pl\/wp-json\/wp\/v2\/product_brand?post=9292"},{"taxonomy":"product_cat","embeddable":true,"href":"https:\/\/motokary-karting.sk\/pl\/wp-json\/wp\/v2\/product_cat?post=9292"},{"taxonomy":"product_tag","embeddable":true,"href":"https:\/\/motokary-karting.sk\/pl\/wp-json\/wp\/v2\/product_tag?post=9292"}],"curies":[{"name":"wp","href":"https:\/\/api.w.org\/{rel}","templated":true}]}}