{"id":9425,"date":"2021-04-13T20:26:42","date_gmt":"2021-04-13T20:26:42","guid":{"rendered":"https:\/\/motokary-karting.sk\/?post_type=product&#038;p=9425"},"modified":"2026-04-25T14:22:26","modified_gmt":"2026-04-25T14:22:26","slug":"przednia-zebatka-tm-racing-uncentred","status":"publish","type":"product","link":"https:\/\/motokary-karting.sk\/pl\/produkt\/predne-ozubene-kolecko-tm-racing-necentrovane\/","title":{"rendered":"Przednie ko\u0142o z\u0119bate TM Racing NECENTRATED"},"content":{"rendered":"<p>Z\u0119bnik do wersji kompatybilnej z wszystkimi silnikami TM ze zmian\u0105 pr\u0119dko\u015bci.<\/p>\n<p>Jest to wersja, kt\u00f3ra pozwala zapobiec przesuwaniu si\u0119 \u0142a\u0144cucha na skrzyni korbowej w modelach KZ10 sprzed TM (w ka\u017cdym razie kompatybilna nawet z wersjami KZ10 i KZ10b).<\/p>\n<p>Kompatybilny r\u00f3wnie\u017c z Maxter i Vortex KZ KZ (nieco ni\u017cszy szablon, wybierz opcj\u0119 silnika Vortex w menu rozwijanym)<\/p>","protected":false},"excerpt":{"rendered":"<p>Z\u0119batka do TM kompatybilna ze wszystkimi silnikami TM ze zmian\u0105 pr\u0119dko\u015bci. Jest to wersja, kt\u00f3ra pozwala zapobiec przesuwaniu si\u0119 \u0142a\u0144cucha na skrzyni korbowej w...<\/p>","protected":false},"featured_media":9431,"template":"","meta":[],"product_brand":[],"product_cat":[2332,2331,2333,645,858],"product_tag":[142,1344,81,1328,343,2263,2264,1327,2265,2266],"class_list":{"0":"post-9425","1":"product","2":"type-product","3":"status-publish","4":"has-post-thumbnail","6":"product_cat-model-tm-k10c","7":"product_cat-model-tm-k9c","8":"product_cat-model-tm-kz-r1","9":"product_cat-nahradne-diely-na-motory","10":"product_cat-tm-racing-nahradne-diely-na-motory","11":"product_tag-karting","12":"product_tag-karting-shop","13":"product_tag-motokary","14":"product_tag-ozubene","15":"product_tag-ozubene-kolecko","16":"product_tag-predna-rozeta-tm","17":"product_tag-predne-ozubene-kolecko-tm-racing","18":"product_tag-predne-ozubene-kolo","19":"product_tag-tm-racing-predne-kolecko","20":"product_tag-tm-racing-predne-ozubene-kolecko","22":"first","23":"instock","24":"taxable","25":"shipping-taxable","26":"purchasable","27":"product-type-variable","28":"customify-col"},"aioseo_notices":[],"_links":{"self":[{"href":"https:\/\/motokary-karting.sk\/pl\/wp-json\/wp\/v2\/product\/9425","targetHints":{"allow":["GET"]}}],"collection":[{"href":"https:\/\/motokary-karting.sk\/pl\/wp-json\/wp\/v2\/product"}],"about":[{"href":"https:\/\/motokary-karting.sk\/pl\/wp-json\/wp\/v2\/types\/product"}],"wp:featuredmedia":[{"embeddable":true,"href":"https:\/\/motokary-karting.sk\/pl\/wp-json\/wp\/v2\/media\/9431"}],"wp:attachment":[{"href":"https:\/\/motokary-karting.sk\/pl\/wp-json\/wp\/v2\/media?parent=9425"}],"wp:term":[{"taxonomy":"product_brand","embeddable":true,"href":"https:\/\/motokary-karting.sk\/pl\/wp-json\/wp\/v2\/product_brand?post=9425"},{"taxonomy":"product_cat","embeddable":true,"href":"https:\/\/motokary-karting.sk\/pl\/wp-json\/wp\/v2\/product_cat?post=9425"},{"taxonomy":"product_tag","embeddable":true,"href":"https:\/\/motokary-karting.sk\/pl\/wp-json\/wp\/v2\/product_tag?post=9425"}],"curies":[{"name":"wp","href":"https:\/\/api.w.org\/{rel}","templated":true}]}}