{"id":9446,"date":"2021-04-13T20:51:56","date_gmt":"2021-04-13T20:51:56","guid":{"rendered":"https:\/\/motokary-karting.sk\/?post_type=product&#038;p=9446"},"modified":"2025-03-31T19:04:10","modified_gmt":"2025-03-31T19:04:10","slug":"przednia-zebatka-tm-racing-centrowana","status":"publish","type":"product","link":"https:\/\/motokary-karting.sk\/pl\/produkt\/predne-ozubene-kolecko-tm-racing-centrovane\/","title":{"rendered":"Przednie ko\u0142o z\u0119bate TM Racing CENTRAL"},"content":{"rendered":"<p>Z\u0119bnik dla wersji TM wy\u015brodkowany.<\/p>\n<p>Jest r\u00f3wnie\u017c kompatybilny z silnikami z poprzednich lat. Jednak KZ10 mo\u017ce prowadzi\u0107 do tarcia \u0142a\u0144cucha o skrzyni\u0119 korbow\u0105, je\u015bli jest on szczeg\u00f3lnie zu\u017cyty.<\/p>\n<p>Silniki K9C, K9B, K9, K8, K7, KV95, KV92 zaleca si\u0119 stosowa\u0107 w wersji, kt\u00f3ra NIE jest wy\u015brodkowana.<\/p>","protected":false},"excerpt":{"rendered":"<p>Z\u0119bnik dla wersji TM centrowany. Jest r\u00f3wnie\u017c kompatybilny z silnikami z poprzednich lat. Jednak w przypadku KZ10 \u0142a\u0144cuch mo\u017ce ociera\u0107 o skrzyni\u0119 korbow\u0105, je\u015bli jest szczeg\u00f3lnie...<\/p>","protected":false},"featured_media":9430,"template":"","meta":[],"product_brand":[],"product_cat":[2332,2331,2333,645,858],"product_tag":[142,1344,81,1328,343,2263,2264,1327,2265,2266],"class_list":{"0":"post-9446","1":"product","2":"type-product","3":"status-publish","4":"has-post-thumbnail","6":"product_cat-model-tm-k10c","7":"product_cat-model-tm-k9c","8":"product_cat-model-tm-kz-r1","9":"product_cat-nahradne-diely-na-motory","10":"product_cat-tm-racing-nahradne-diely-na-motory","11":"product_tag-karting","12":"product_tag-karting-shop","13":"product_tag-motokary","14":"product_tag-ozubene","15":"product_tag-ozubene-kolecko","16":"product_tag-predna-rozeta-tm","17":"product_tag-predne-ozubene-kolecko-tm-racing","18":"product_tag-predne-ozubene-kolo","19":"product_tag-tm-racing-predne-kolecko","20":"product_tag-tm-racing-predne-ozubene-kolecko","22":"first","23":"instock","24":"taxable","25":"shipping-taxable","26":"purchasable","27":"product-type-variable","28":"customify-col"},"aioseo_notices":[],"_links":{"self":[{"href":"https:\/\/motokary-karting.sk\/pl\/wp-json\/wp\/v2\/product\/9446","targetHints":{"allow":["GET"]}}],"collection":[{"href":"https:\/\/motokary-karting.sk\/pl\/wp-json\/wp\/v2\/product"}],"about":[{"href":"https:\/\/motokary-karting.sk\/pl\/wp-json\/wp\/v2\/types\/product"}],"wp:featuredmedia":[{"embeddable":true,"href":"https:\/\/motokary-karting.sk\/pl\/wp-json\/wp\/v2\/media\/9430"}],"wp:attachment":[{"href":"https:\/\/motokary-karting.sk\/pl\/wp-json\/wp\/v2\/media?parent=9446"}],"wp:term":[{"taxonomy":"product_brand","embeddable":true,"href":"https:\/\/motokary-karting.sk\/pl\/wp-json\/wp\/v2\/product_brand?post=9446"},{"taxonomy":"product_cat","embeddable":true,"href":"https:\/\/motokary-karting.sk\/pl\/wp-json\/wp\/v2\/product_cat?post=9446"},{"taxonomy":"product_tag","embeddable":true,"href":"https:\/\/motokary-karting.sk\/pl\/wp-json\/wp\/v2\/product_tag?post=9446"}],"curies":[{"name":"wp","href":"https:\/\/api.w.org\/{rel}","templated":true}]}}