{"id":9530,"date":"2021-04-20T12:57:23","date_gmt":"2021-04-20T12:57:23","guid":{"rendered":"https:\/\/motokary-karting.sk\/?post_type=product&#038;p=9530"},"modified":"2026-03-18T06:17:07","modified_gmt":"2026-03-18T06:17:07","slug":"2-metrowy-teflonowy-przewod-gazowy-wewnatrz-w-wielu-kolorach","status":"publish","type":"product","link":"https:\/\/motokary-karting.sk\/pl\/produkt\/bovden-na-plynove-lanko-2m-teflon-vo-vnutri-viac-farieb\/","title":{"rendered":"Bovden do przewodu gazowego 2m - teflon wewn\u0105trz | wi\u0119cej kolor\u00f3w"},"content":{"rendered":"<p>Podana cena to 2 metry bovden<\/p>","protected":false},"excerpt":{"rendered":"<p>Podana cena to 2 metry bovden<\/p>","protected":false},"featured_media":9535,"template":"","meta":[],"product_brand":[],"product_cat":[271,276],"product_tag":[2278,2277,2279,142,1344,81],"class_list":{"0":"post-9530","1":"product","2":"type-product","3":"status-publish","4":"has-post-thumbnail","6":"product_cat-nahradne-diely-na-podvozky","7":"product_cat-ostatne","8":"product_tag-bovden-na-lanko","9":"product_tag-bovden-na-plynove-lanko","10":"product_tag-farebny-bovden","11":"product_tag-karting","12":"product_tag-karting-shop","13":"product_tag-motokary","15":"first","16":"instock","17":"taxable","18":"shipping-taxable","19":"purchasable","20":"product-type-variable","21":"customify-col","22":"product-has-gallery"},"aioseo_notices":[],"_links":{"self":[{"href":"https:\/\/motokary-karting.sk\/pl\/wp-json\/wp\/v2\/product\/9530","targetHints":{"allow":["GET"]}}],"collection":[{"href":"https:\/\/motokary-karting.sk\/pl\/wp-json\/wp\/v2\/product"}],"about":[{"href":"https:\/\/motokary-karting.sk\/pl\/wp-json\/wp\/v2\/types\/product"}],"wp:featuredmedia":[{"embeddable":true,"href":"https:\/\/motokary-karting.sk\/pl\/wp-json\/wp\/v2\/media\/9535"}],"wp:attachment":[{"href":"https:\/\/motokary-karting.sk\/pl\/wp-json\/wp\/v2\/media?parent=9530"}],"wp:term":[{"taxonomy":"product_brand","embeddable":true,"href":"https:\/\/motokary-karting.sk\/pl\/wp-json\/wp\/v2\/product_brand?post=9530"},{"taxonomy":"product_cat","embeddable":true,"href":"https:\/\/motokary-karting.sk\/pl\/wp-json\/wp\/v2\/product_cat?post=9530"},{"taxonomy":"product_tag","embeddable":true,"href":"https:\/\/motokary-karting.sk\/pl\/wp-json\/wp\/v2\/product_tag?post=9530"}],"curies":[{"name":"wp","href":"https:\/\/api.w.org\/{rel}","templated":true}]}}