{"id":9552,"date":"2021-04-20T20:02:06","date_gmt":"2021-04-20T20:02:06","guid":{"rendered":"https:\/\/motokary-karting.sk\/?post_type=product&#038;p=9552"},"modified":"2026-04-22T15:01:02","modified_gmt":"2026-04-22T15:01:02","slug":"omp-kombinezon-letni-k","status":"publish","type":"product","link":"https:\/\/motokary-karting.sk\/pl\/produkt\/omp-kombineza-summer-k\/","title":{"rendered":"Kombinezon OMP Summer K"},"content":{"rendered":"<p>Optymalny jednowarstwowy kombinezon kartingowy OMP do zastosowa\u0144 hobbystycznych lub halowych, gdzie homologowany kombinezon nie jest niezb\u0119dny. W stylu profesjonalnych kombinezon\u00f3w wy\u015bcigowych z przesuni\u0119tymi rami\u0105czkami, bocznymi kieszeniami oraz paskiem i klamr\u0105 na szyi w stylu sport\u00f3w motorowych. Dzianinowe mankiety na ramionach i nogawkach zapewniaj\u0105 stylowe wyko\u0144czenie. Kombinezon OMP SUMMER K jest wykonany z wytrzyma\u0142ej mieszanki bawe\u0142ny i poliestru i mo\u017cna go pra\u0107 w temperaturze 40\u00b0C. Wyj\u0105tkowo cienki i lekki.<\/p>\n<p>Rozmiary: 120 - 150 (rozmiary dzieci\u0119ce) | S-XXL<br \/>\nKolory: niebieski, czerwony, czarny<\/p>","protected":false},"excerpt":{"rendered":"<p>Optymalny jednowarstwowy kombinezon kartingowy OMP do zastosowa\u0144 hobbystycznych lub halowych, gdzie homologowany kombinezon nie jest bezwzgl\u0119dnie wymagany. W stylu profesjonalnych kombinezon\u00f3w wy\u015bcigowych z przesuni\u0119tymi pagonami,...<\/p>","protected":false},"featured_media":8922,"template":"","meta":[],"product_brand":[],"product_cat":[22,91,18],"product_tag":[142,2144,1344,482,1042,1934,2145,2148,81,25,2142,1825,2282,2283,2147,1043],"class_list":{"0":"post-9552","1":"product","2":"type-product","3":"status-publish","4":"has-post-thumbnail","6":"product_cat-kombinezy","7":"product_cat-omp-kombinezy","8":"product_cat-vybava-pretekara","9":"product_tag-karting","10":"product_tag-karting-kombineza-omp","11":"product_tag-karting-shop","12":"product_tag-kombineza-na-motokary","13":"product_tag-kombineza-sparco","14":"product_tag-kombineza-sparco-pre-deti","15":"product_tag-letna-kombineza-pre-deti","16":"product_tag-letni-overal-pro-deti","17":"product_tag-motokary","18":"product_tag-omp","19":"product_tag-omp-detska-kombineza","20":"product_tag-omp-shop","21":"product_tag-omp-summer","22":"product_tag-omp-summer-k","23":"product_tag-overal-pro-deti-na-leto","24":"product_tag-sparco-kombineza","26":"first","27":"instock","28":"taxable","29":"shipping-taxable","30":"purchasable","31":"product-type-variable","32":"customify-col","33":"product-has-gallery"},"aioseo_notices":[],"_links":{"self":[{"href":"https:\/\/motokary-karting.sk\/pl\/wp-json\/wp\/v2\/product\/9552","targetHints":{"allow":["GET"]}}],"collection":[{"href":"https:\/\/motokary-karting.sk\/pl\/wp-json\/wp\/v2\/product"}],"about":[{"href":"https:\/\/motokary-karting.sk\/pl\/wp-json\/wp\/v2\/types\/product"}],"wp:featuredmedia":[{"embeddable":true,"href":"https:\/\/motokary-karting.sk\/pl\/wp-json\/wp\/v2\/media\/8922"}],"wp:attachment":[{"href":"https:\/\/motokary-karting.sk\/pl\/wp-json\/wp\/v2\/media?parent=9552"}],"wp:term":[{"taxonomy":"product_brand","embeddable":true,"href":"https:\/\/motokary-karting.sk\/pl\/wp-json\/wp\/v2\/product_brand?post=9552"},{"taxonomy":"product_cat","embeddable":true,"href":"https:\/\/motokary-karting.sk\/pl\/wp-json\/wp\/v2\/product_cat?post=9552"},{"taxonomy":"product_tag","embeddable":true,"href":"https:\/\/motokary-karting.sk\/pl\/wp-json\/wp\/v2\/product_tag?post=9552"}],"curies":[{"name":"wp","href":"https:\/\/api.w.org\/{rel}","templated":true}]}}