{"id":9579,"date":"2021-04-20T21:16:29","date_gmt":"2021-04-20T21:16:29","guid":{"rendered":"https:\/\/motokary-karting.sk\/?post_type=product&#038;p=9579"},"modified":"2026-01-29T15:16:04","modified_gmt":"2026-01-29T15:16:04","slug":"uszczelka-do-srub-zapobiegajaca-zsunieciu-opony-z-felgi-zestaw-12-sztuk","status":"publish","type":"product","link":"https:\/\/motokary-karting.sk\/pl\/produkt\/tesnenie-na-skrutky-proti-vyzutiu-pneu-z-disku-sada-12ks\/","title":{"rendered":"Uszczelki pod \u015bruby zapobiegaj\u0105ce zsuwaniu si\u0119 opony z tarczy | SET12szt."},"content":{"rendered":"","protected":false},"excerpt":{"rendered":"","protected":false},"featured_media":9582,"template":"","meta":[],"product_brand":[],"product_cat":[209,271,1464,1465],"product_tag":[142,1344,2135,2192,81,2193,2194,2294,2295],"class_list":{"0":"post-9579","1":"product","2":"type-product","3":"status-publish","4":"has-post-thumbnail","6":"product_cat-disky-prislusenstvo","7":"product_cat-nahradne-diely-na-podvozky","8":"product_cat-predne","9":"product_cat-zadne","10":"product_tag-karting","11":"product_tag-karting-shop","12":"product_tag-matica-m8","13":"product_tag-matica-na-kolesa","14":"product_tag-motokary","15":"product_tag-skrutky-na-disky","16":"product_tag-srouby-proti-vyzuti-pneu","17":"product_tag-tesneni-bezpecnostni-skrutky","18":"product_tag-tesneni-sroubu-proi-vyzuti-z-disku","20":"first","21":"instock","22":"taxable","23":"shipping-taxable","24":"purchasable","25":"product-type-simple","26":"customify-col"},"aioseo_notices":[],"_links":{"self":[{"href":"https:\/\/motokary-karting.sk\/pl\/wp-json\/wp\/v2\/product\/9579","targetHints":{"allow":["GET"]}}],"collection":[{"href":"https:\/\/motokary-karting.sk\/pl\/wp-json\/wp\/v2\/product"}],"about":[{"href":"https:\/\/motokary-karting.sk\/pl\/wp-json\/wp\/v2\/types\/product"}],"wp:featuredmedia":[{"embeddable":true,"href":"https:\/\/motokary-karting.sk\/pl\/wp-json\/wp\/v2\/media\/9582"}],"wp:attachment":[{"href":"https:\/\/motokary-karting.sk\/pl\/wp-json\/wp\/v2\/media?parent=9579"}],"wp:term":[{"taxonomy":"product_brand","embeddable":true,"href":"https:\/\/motokary-karting.sk\/pl\/wp-json\/wp\/v2\/product_brand?post=9579"},{"taxonomy":"product_cat","embeddable":true,"href":"https:\/\/motokary-karting.sk\/pl\/wp-json\/wp\/v2\/product_cat?post=9579"},{"taxonomy":"product_tag","embeddable":true,"href":"https:\/\/motokary-karting.sk\/pl\/wp-json\/wp\/v2\/product_tag?post=9579"}],"curies":[{"name":"wp","href":"https:\/\/api.w.org\/{rel}","templated":true}]}}