{"id":9838,"date":"2021-05-16T20:01:56","date_gmt":"2021-05-16T20:01:56","guid":{"rendered":"https:\/\/motokary-karting.sk\/?post_type=product&#038;p=9838"},"modified":"2026-02-11T10:28:37","modified_gmt":"2026-02-11T10:28:37","slug":"kask-stylo-st5f-n-formula-kompozytowa","status":"publish","type":"product","link":"https:\/\/motokary-karting.sk\/pl\/produkt\/stilo-prilba-st5f-n-composite-formula\/","title":{"rendered":"Kask Stilo ST5F N Composite Formula"},"content":{"rendered":"<p>Kask Stilo jest absolutnie najwy\u017cszej klasy! Dzi\u0119ki wyj\u0105tkowo smuk\u0142ej konstrukcji i ergonomicznej wewn\u0119trznej wy\u015bci\u00f3\u0142ce, Stilo ST5 \u0142\u0105czy w sobie najlepsz\u0105 aerodynamik\u0119, doskona\u0142e dopasowanie i doskona\u0142\u0105 wentylacj\u0119. Dzi\u0119ki najnowszej technologii produkcji i najwy\u017cszej jako\u015bci doborowi materia\u0142\u00f3w, kask ten jest jednym z absolutnie najw\u0119\u017cszych i najl\u017cejszych w swojej klasie. Wbudowane wg\u0142\u0119bienia u\u0142atwiaj\u0105 p\u00f3\u017aniejszy monta\u017c interkom\u00f3w i lamp zasilaj\u0105cych. Dzi\u0119ki opatentowanemu i praktycznemu systemowi blokowania os\u0142ony, mo\u017cna j\u0105 zablokowa\u0107 w dw\u00f3ch etapach. Rozbudowa o r\u00f3\u017cne spojlery i dodatkowe wk\u0142adki wentylacyjne jest mo\u017cliwa bez problem\u00f3w. Klipsy H.A.N.S. Clips s\u0105 ju\u017c do\u0142\u0105czone.<\/p>\n<p>Kolor bia\u0142y<\/p>\n<p>Uwaga dotycz\u0105ca dopasowania<br \/>\nPraktyka pokazuje, \u017ce kaski Stilo s\u0105 do\u015b\u0107 ma\u0142e. Dlatego zalecamy dodanie ok. 1-2 cm do zmierzonego obwodu g\u0142owy.<\/p>\n<p>Materia\u0142<br \/>\nKompozytowa mieszanka w\u0142\u00f3kna szklanego i kevlaru<\/p>\n<p>Waga (\u0142\u0105cznie z interkomem) Rozmiary *<br \/>\nMa\u0142a miska: 1 520 g (+\/- 30 gram\u00f3w) | XS (54), S (55-56), M (57-58)<br \/>\nDu\u017ca miska: 1 660 g (+\/- 30 gram\u00f3w) | L (59-60), XL (61-62), XXL (63)<\/p>","protected":false},"excerpt":{"rendered":"<p>Kask Stilo jest absolutnie najwy\u017cszej klasy! Dzi\u0119ki wyj\u0105tkowo smuk\u0142ej konstrukcji i ergonomicznej wewn\u0119trznej wy\u015bci\u00f3\u0142ce, Stilo ST5 \u0142\u0105czy w sobie najlepsz\u0105 aerodynamik\u0119, doskona\u0142e dopasowanie i doskona\u0142\u0105 wentylacj\u0119. Dzi\u0119ki...<\/p>","protected":false},"featured_media":9845,"template":"","meta":[],"product_brand":[],"product_cat":[21,1667,18],"product_tag":[142,984,1672,81,985,1670,1668,1590,1673,1671,2402,1693,1669,1694],"class_list":{"0":"post-9838","1":"product","2":"type-product","3":"status-publish","4":"has-post-thumbnail","6":"product_cat-prilby","7":"product_cat-stilo","8":"product_cat-vybava-pretekara","9":"product_tag-karting","10":"product_tag-motokarova-prilba","11":"product_tag-motokarova-prilba-stilo","12":"product_tag-motokary","13":"product_tag-prilba-na-motokary","14":"product_tag-prilba-stilo","15":"product_tag-prilby-stilo","16":"product_tag-stilo","17":"product_tag-stilo-motokarova-prilba","18":"product_tag-stilo-prilba","19":"product_tag-stilo-prilba-st5f-n-composite-formula","20":"product_tag-stilo-prilba-st5f-n-composite-karting","21":"product_tag-stilo-prilby","22":"product_tag-stilo-st5f-n-composite-karting","24":"first","25":"onbackorder","26":"taxable","27":"shipping-taxable","28":"purchasable","29":"product-type-variable","30":"customify-col","31":"product-has-gallery"},"aioseo_notices":[],"_links":{"self":[{"href":"https:\/\/motokary-karting.sk\/pl\/wp-json\/wp\/v2\/product\/9838","targetHints":{"allow":["GET"]}}],"collection":[{"href":"https:\/\/motokary-karting.sk\/pl\/wp-json\/wp\/v2\/product"}],"about":[{"href":"https:\/\/motokary-karting.sk\/pl\/wp-json\/wp\/v2\/types\/product"}],"wp:featuredmedia":[{"embeddable":true,"href":"https:\/\/motokary-karting.sk\/pl\/wp-json\/wp\/v2\/media\/9845"}],"wp:attachment":[{"href":"https:\/\/motokary-karting.sk\/pl\/wp-json\/wp\/v2\/media?parent=9838"}],"wp:term":[{"taxonomy":"product_brand","embeddable":true,"href":"https:\/\/motokary-karting.sk\/pl\/wp-json\/wp\/v2\/product_brand?post=9838"},{"taxonomy":"product_cat","embeddable":true,"href":"https:\/\/motokary-karting.sk\/pl\/wp-json\/wp\/v2\/product_cat?post=9838"},{"taxonomy":"product_tag","embeddable":true,"href":"https:\/\/motokary-karting.sk\/pl\/wp-json\/wp\/v2\/product_tag?post=9838"}],"curies":[{"name":"wp","href":"https:\/\/api.w.org\/{rel}","templated":true}]}}