{"id":9851,"date":"2024-02-23T12:26:52","date_gmt":"2024-02-23T12:26:52","guid":{"rendered":"https:\/\/motokary-karting.sk\/?post_type=product&#038;p=9851"},"modified":"2026-04-22T15:04:24","modified_gmt":"2026-04-22T15:04:24","slug":"kask-omp-gpr","status":"publish","type":"product","link":"https:\/\/motokary-karting.sk\/pl\/produkt\/omp-prilba-gpr\/","title":{"rendered":"Kask OMP Circuit Evo II"},"content":{"rendered":"<p>Kask pe\u0142notwarzowy wykonany z tworzywa termoplastycznego zatwierdzony zgodnie z norm\u0105 ECE (ECE 22.06). Du\u017ce pole widzenia i wydajny system wentylacji.<\/p>","protected":false},"excerpt":{"rendered":"<p>Kask pe\u0142notwarzowy wykonany z tworzywa termoplastycznego zatwierdzony zgodnie z norm\u0105 ECE (ECE 22.06). Du\u017ce pole widzenia i wydajny system wentylacji.<\/p>","protected":false},"featured_media":22297,"template":"","meta":[],"product_brand":[],"product_cat":[2403,21,18],"product_tag":[142,1344,984,81,2404,2407,2408,2410],"class_list":{"0":"post-9851","1":"product","2":"type-product","3":"status-publish","4":"has-post-thumbnail","6":"product_cat-omp-prilby","7":"product_cat-prilby","8":"product_cat-vybava-pretekara","9":"product_tag-karting","10":"product_tag-karting-shop","11":"product_tag-motokarova-prilba","12":"product_tag-motokary","13":"product_tag-omp-prilba","14":"product_tag-omp-prilba-s-hand","15":"product_tag-omp-prilba-s-hans","16":"product_tag-prilba-s-hans-omp","18":"first","19":"onbackorder","20":"taxable","21":"shipping-taxable","22":"purchasable","23":"product-type-variable","24":"customify-col","25":"product-has-gallery"},"aioseo_notices":[],"_links":{"self":[{"href":"https:\/\/motokary-karting.sk\/pl\/wp-json\/wp\/v2\/product\/9851","targetHints":{"allow":["GET"]}}],"collection":[{"href":"https:\/\/motokary-karting.sk\/pl\/wp-json\/wp\/v2\/product"}],"about":[{"href":"https:\/\/motokary-karting.sk\/pl\/wp-json\/wp\/v2\/types\/product"}],"wp:featuredmedia":[{"embeddable":true,"href":"https:\/\/motokary-karting.sk\/pl\/wp-json\/wp\/v2\/media\/22297"}],"wp:attachment":[{"href":"https:\/\/motokary-karting.sk\/pl\/wp-json\/wp\/v2\/media?parent=9851"}],"wp:term":[{"taxonomy":"product_brand","embeddable":true,"href":"https:\/\/motokary-karting.sk\/pl\/wp-json\/wp\/v2\/product_brand?post=9851"},{"taxonomy":"product_cat","embeddable":true,"href":"https:\/\/motokary-karting.sk\/pl\/wp-json\/wp\/v2\/product_cat?post=9851"},{"taxonomy":"product_tag","embeddable":true,"href":"https:\/\/motokary-karting.sk\/pl\/wp-json\/wp\/v2\/product_tag?post=9851"}],"curies":[{"name":"wp","href":"https:\/\/api.w.org\/{rel}","templated":true}]}}