{"id":987,"date":"2021-03-23T07:47:14","date_gmt":"2021-03-23T07:47:14","guid":{"rendered":"https:\/\/motokary-karting.sk\/?post_type=product&#038;p=987"},"modified":"2026-04-20T16:32:20","modified_gmt":"2026-04-20T16:32:20","slug":"siedzenie-x-typ-siedzenia-x6-przezroczysty-cire","status":"publish","type":"product","link":"https:\/\/motokary-karting.sk\/pl\/produkt\/sedadlo-x-seats-typ-x6-transparent-cire\/","title":{"rendered":"Siedzenie X-SEATS typu X6 przezroczyste"},"content":{"rendered":"<p>Tabela rozmiar\u00f3w w galerii zdj\u0119\u0107 !!!!!!!!!!!<\/p>\n<p>XS = 0<br \/>\nS = 1<br \/>\nM = 2<br \/>\nL = 3<br \/>\nXL = 4<br \/>\nXXL = 5<\/p>\n<p>&nbsp;<\/p>","protected":false},"excerpt":{"rendered":"<p>Tabela rozmiar\u00f3w w galerii zdj\u0119\u0107 !!!!!!!!!!! XS = 0 S = 1 M = 2 L = 3 XL = 4 XXL = 5 &nbsp;<\/p>","protected":false},"featured_media":9132,"template":"","meta":[],"product_brand":[],"product_cat":[279,367],"product_tag":[2069,142,2070,1344,1250,81,2071,177,1248,176,1249,1390,277,278],"class_list":{"0":"post-987","1":"product","2":"type-product","3":"status-publish","4":"has-post-thumbnail","6":"product_cat-sedadla-prislusenstvo","7":"product_cat-x-seats","8":"product_tag-kart-seat","9":"product_tag-karting","10":"product_tag-karting-seat","11":"product_tag-karting-shop","12":"product_tag-motokarove-sedadlo","13":"product_tag-motokary","14":"product_tag-seat-kart","15":"product_tag-sedacka","16":"product_tag-sedacka-na-motokaru","17":"product_tag-sedadlo","18":"product_tag-sedadlo-do-motokary","19":"product_tag-sedadlo-na-motokaru","20":"product_tag-xseat","21":"product_tag-xseats","23":"first","24":"instock","25":"taxable","26":"shipping-taxable","27":"purchasable","28":"product-type-variable","29":"customify-col","30":"product-has-gallery"},"aioseo_notices":[],"_links":{"self":[{"href":"https:\/\/motokary-karting.sk\/pl\/wp-json\/wp\/v2\/product\/987","targetHints":{"allow":["GET"]}}],"collection":[{"href":"https:\/\/motokary-karting.sk\/pl\/wp-json\/wp\/v2\/product"}],"about":[{"href":"https:\/\/motokary-karting.sk\/pl\/wp-json\/wp\/v2\/types\/product"}],"wp:featuredmedia":[{"embeddable":true,"href":"https:\/\/motokary-karting.sk\/pl\/wp-json\/wp\/v2\/media\/9132"}],"wp:attachment":[{"href":"https:\/\/motokary-karting.sk\/pl\/wp-json\/wp\/v2\/media?parent=987"}],"wp:term":[{"taxonomy":"product_brand","embeddable":true,"href":"https:\/\/motokary-karting.sk\/pl\/wp-json\/wp\/v2\/product_brand?post=987"},{"taxonomy":"product_cat","embeddable":true,"href":"https:\/\/motokary-karting.sk\/pl\/wp-json\/wp\/v2\/product_cat?post=987"},{"taxonomy":"product_tag","embeddable":true,"href":"https:\/\/motokary-karting.sk\/pl\/wp-json\/wp\/v2\/product_tag?post=987"}],"curies":[{"name":"wp","href":"https:\/\/api.w.org\/{rel}","templated":true}]}}