{"id":9886,"date":"2021-05-16T20:49:09","date_gmt":"2021-05-16T20:49:09","guid":{"rendered":"https:\/\/motokary-karting.sk\/?post_type=product&#038;p=9886"},"modified":"2026-02-11T10:18:00","modified_gmt":"2026-02-11T10:18:00","slug":"kask-bell-gp3-sport-czarny-hans","status":"publish","type":"product","link":"https:\/\/motokary-karting.sk\/pl\/produkt\/bell-prilba-gp3-sport-black-hans\/","title":{"rendered":"Kask Bell GP3 Sport BLACK HANS"},"content":{"rendered":"<p>Sportowy kask GP3 wykonany z w\u0142\u00f3kna szklanego wzmocnionego kevlarem i karbonem. Wyposa\u017cony w wydajny system wentylacji sk\u0142adaj\u0105cy si\u0119 z 7 cz\u0119\u015bciowo zamykanych otwor\u00f3w wentylacyjnych.<\/p>\n<p>Aerodynamicznie zoptymalizowany spojler podbr\u00f3dkowy utrzymuje stabilno\u015b\u0107 kasku nawet przy maksymalnej pr\u0119dko\u015bci w otwartych pojazdach i zapobiega podnoszeniu si\u0119 kasku GP3 Sport. Dzi\u0119ki smuk\u0142ym liniom i wydajnemu systemowi wentylacji, kask GP3 Sport full-face nadaje si\u0119 nie tylko do pojazd\u00f3w zamkni\u0119tych, ale tak\u017ce jako prawdziwie wszechstronny kask do pojazd\u00f3w otwartych.<\/p>\n<p>Z klipami H.A.N.S.<\/p>\n<p>Kolor czarny<\/p>","protected":false},"excerpt":{"rendered":"<p>Kask sportowy GP3 wykonany z w\u0142\u00f3kna szklanego wzmocnionego kevlarem i karbonem. Wyposa\u017cony w wydajny system wentylacji sk\u0142adaj\u0105cy si\u0119 z 7 cz\u0119\u015bciowo zamykanych...<\/p>","protected":false},"featured_media":9885,"template":"","meta":[],"product_brand":[],"product_cat":[962,21,18],"product_tag":[963,2412,964,965,2411,2222,2225,2224,1728,142,1344,2019,2018,984,81,2221,2223,985,1675],"class_list":{"0":"post-9886","1":"product","2":"type-product","3":"status-publish","4":"has-post-thumbnail","6":"product_cat-bell","7":"product_cat-prilby","8":"product_cat-vybava-pretekara","9":"product_tag-bell","10":"product_tag-bell-gp3-sport","11":"product_tag-bell-helmets","12":"product_tag-bell-prilba","13":"product_tag-bell-prilba-gp3-sport","14":"product_tag-bell-sport-5","15":"product_tag-bell-sport-5-prilba","16":"product_tag-helma-bell-sport-5","17":"product_tag-kart-shop","18":"product_tag-karting","19":"product_tag-karting-shop","20":"product_tag-kartingova-helma","21":"product_tag-kartingovs-prilba","22":"product_tag-motokarova-prilba","23":"product_tag-motokary","24":"product_tag-prilba-bell-gt5-sport","25":"product_tag-prilba-bell-sport-5","26":"product_tag-prilba-na-motokary","27":"product_tag-prilby-bell","29":"first","30":"onbackorder","31":"taxable","32":"shipping-taxable","33":"purchasable","34":"product-type-variable","35":"customify-col","36":"product-has-gallery"},"aioseo_notices":[],"_links":{"self":[{"href":"https:\/\/motokary-karting.sk\/pl\/wp-json\/wp\/v2\/product\/9886","targetHints":{"allow":["GET"]}}],"collection":[{"href":"https:\/\/motokary-karting.sk\/pl\/wp-json\/wp\/v2\/product"}],"about":[{"href":"https:\/\/motokary-karting.sk\/pl\/wp-json\/wp\/v2\/types\/product"}],"wp:featuredmedia":[{"embeddable":true,"href":"https:\/\/motokary-karting.sk\/pl\/wp-json\/wp\/v2\/media\/9885"}],"wp:attachment":[{"href":"https:\/\/motokary-karting.sk\/pl\/wp-json\/wp\/v2\/media?parent=9886"}],"wp:term":[{"taxonomy":"product_brand","embeddable":true,"href":"https:\/\/motokary-karting.sk\/pl\/wp-json\/wp\/v2\/product_brand?post=9886"},{"taxonomy":"product_cat","embeddable":true,"href":"https:\/\/motokary-karting.sk\/pl\/wp-json\/wp\/v2\/product_cat?post=9886"},{"taxonomy":"product_tag","embeddable":true,"href":"https:\/\/motokary-karting.sk\/pl\/wp-json\/wp\/v2\/product_tag?post=9886"}],"curies":[{"name":"wp","href":"https:\/\/api.w.org\/{rel}","templated":true}]}}