{"id":9998,"date":"2021-05-20T08:27:14","date_gmt":"2021-05-20T08:27:14","guid":{"rendered":"https:\/\/motokary-karting.sk\/?post_type=product&#038;p=9998"},"modified":"2026-01-29T18:48:31","modified_gmt":"2026-01-29T18:48:31","slug":"olej-przekladniowy-xps-rotax-max-1l","status":"publish","type":"product","link":"https:\/\/motokary-karting.sk\/pl\/produkt\/olej-do-prevodovky-xps-rotax-max-1l\/","title":{"rendered":"Olej przek\u0142adniowy XPS Rotax MAX 1L"},"content":{"rendered":"<p>KART GEAR OIL XPS KART TEC XPS\u00ae KART TEC KART GEAR OIL zosta\u0142 opracowany specjalnie dla gokart\u00f3w Rotax MAX o wysokich osi\u0105gach. Zmniejsza zu\u017cycie i jest odporny na temperatur\u0119. Nale\u017cy przestrzega\u0107 zalece\u0144 producenta silnika dotycz\u0105cych w\u0142a\u015bciwego dozowania. Nie nadaje si\u0119 do gokart\u00f3w z manualn\u0105 skrzyni\u0105 bieg\u00f3w! Zalecamy wymian\u0119 oleju XPS\u00ae TEC KART GEARING OIL co 5 godzin pracy.<\/p>","protected":false},"excerpt":{"rendered":"<p>KART GEAR OIL XPS KART TEC XPS\u00ae KART TEC KART GEAR OIL zosta\u0142 opracowany specjalnie dla gokart\u00f3w Rotax MAX o wysokich osi\u0105gach. Zmniejsza zu\u017cycie i jest...<\/p>","protected":false},"featured_media":9999,"template":"","meta":[],"product_brand":[],"product_cat":[645,53,744,2678,2436],"product_tag":[142,1344,1279,81,2437,2438,926,618,754,786,2439,924,2441,927,2440],"class_list":{"0":"post-9998","1":"product","2":"type-product","3":"status-publish","4":"has-post-thumbnail","6":"product_cat-nahradne-diely-na-motory","7":"product_cat-olejeamaziva","8":"product_cat-rotax-max","9":"product_cat-sekcia-blok-motora","10":"product_cat-xps-rotax","11":"product_tag-karting","12":"product_tag-karting-shop","13":"product_tag-max-dd2-cik-approved","14":"product_tag-motokary","15":"product_tag-olej-do-motora-rotax","16":"product_tag-olej-do-prevodovky-rotax","17":"product_tag-olej-xps","18":"product_tag-rotax","19":"product_tag-rotax-diely","20":"product_tag-rotax-nahradne-diely","21":"product_tag-rotax-olej-do-prevodovky","22":"product_tag-xps","23":"product_tag-xps-gear-oil","24":"product_tag-xps-kart-olej","25":"product_tag-xps-olej-do-prevodovky","27":"first","28":"instock","29":"sale","30":"taxable","31":"shipping-taxable","32":"purchasable","33":"product-type-simple","34":"customify-col"},"aioseo_notices":[],"_links":{"self":[{"href":"https:\/\/motokary-karting.sk\/pl\/wp-json\/wp\/v2\/product\/9998","targetHints":{"allow":["GET"]}}],"collection":[{"href":"https:\/\/motokary-karting.sk\/pl\/wp-json\/wp\/v2\/product"}],"about":[{"href":"https:\/\/motokary-karting.sk\/pl\/wp-json\/wp\/v2\/types\/product"}],"wp:featuredmedia":[{"embeddable":true,"href":"https:\/\/motokary-karting.sk\/pl\/wp-json\/wp\/v2\/media\/9999"}],"wp:attachment":[{"href":"https:\/\/motokary-karting.sk\/pl\/wp-json\/wp\/v2\/media?parent=9998"}],"wp:term":[{"taxonomy":"product_brand","embeddable":true,"href":"https:\/\/motokary-karting.sk\/pl\/wp-json\/wp\/v2\/product_brand?post=9998"},{"taxonomy":"product_cat","embeddable":true,"href":"https:\/\/motokary-karting.sk\/pl\/wp-json\/wp\/v2\/product_cat?post=9998"},{"taxonomy":"product_tag","embeddable":true,"href":"https:\/\/motokary-karting.sk\/pl\/wp-json\/wp\/v2\/product_tag?post=9998"}],"curies":[{"name":"wp","href":"https:\/\/api.w.org\/{rel}","templated":true}]}}